{"id":420,"date":"2021-10-11T14:49:53","date_gmt":"2021-10-11T01:49:53","guid":{"rendered":"https:\/\/whiringa.org.nz\/?page_id=420"},"modified":"2024-06-10T21:19:20","modified_gmt":"2024-06-10T09:19:20","slug":"kelly-solomon","status":"publish","type":"page","link":"https:\/\/whiringa.org.nz\/index.php\/kelly-solomon\/","title":{"rendered":"Kelly Solomon"},"content":{"rendered":"\t\t<div data-elementor-type=\"wp-page\" data-elementor-id=\"420\" class=\"elementor elementor-420\" data-elementor-post-type=\"page\">\n\t\t\t\t\t\t<section class=\"elementor-section elementor-top-section elementor-element elementor-element-95d2c9b elementor-section-boxed elementor-section-height-default elementor-section-height-default\" data-id=\"95d2c9b\" data-element_type=\"section\" data-e-type=\"section\">\n\t\t\t\t\t\t<div class=\"elementor-container elementor-column-gap-default\">\n\t\t\t\t\t<div class=\"elementor-column elementor-col-100 elementor-top-column elementor-element elementor-element-5dc472c\" data-id=\"5dc472c\" data-element_type=\"column\" data-e-type=\"column\">\n\t\t\t<div class=\"elementor-widget-wrap\">\n\t\t\t\t\t\t\t<\/div>\n\t\t<\/div>\n\t\t\t\t\t<\/div>\n\t\t<\/section>\n\t\t\t\t<section class=\"elementor-section elementor-top-section elementor-element elementor-element-607e20ae elementor-section-content-middle elementor-section-boxed elementor-section-height-default elementor-section-height-default\" data-id=\"607e20ae\" data-element_type=\"section\" data-e-type=\"section\" data-settings=\"{&quot;background_background&quot;:&quot;classic&quot;}\">\n\t\t\t\t\t\t<div class=\"elementor-container elementor-column-gap-no\">\n\t\t\t\t\t<div class=\"elementor-column elementor-col-50 elementor-top-column elementor-element elementor-element-6f0a156\" data-id=\"6f0a156\" data-element_type=\"column\" data-e-type=\"column\">\n\t\t\t<div class=\"elementor-widget-wrap elementor-element-populated\">\n\t\t\t\t\t\t<div class=\"elementor-element elementor-element-495df944 elementor-widget elementor-widget-image\" data-id=\"495df944\" data-element_type=\"widget\" data-e-type=\"widget\" data-widget_type=\"image.default\">\n\t\t\t\t<div class=\"elementor-widget-container\">\n\t\t\t\t\t\t\t\t\t\t\t\t\t\t\t<img fetchpriority=\"high\" decoding=\"async\" width=\"264\" height=\"300\" src=\"https:\/\/whiringa.org.nz\/wp-content\/uploads\/2024\/06\/KS-264x300.png\" class=\"attachment-medium size-medium wp-image-1957\" alt=\"\" srcset=\"https:\/\/whiringa.org.nz\/wp-content\/uploads\/2024\/06\/KS-264x300.png 264w, https:\/\/whiringa.org.nz\/wp-content\/uploads\/2024\/06\/KS-768x873.png 768w, https:\/\/whiringa.org.nz\/wp-content\/uploads\/2024\/06\/KS.png 887w\" sizes=\"(max-width: 264px) 100vw, 264px\" \/>\t\t\t\t\t\t\t\t\t\t\t\t\t\t\t<\/div>\n\t\t\t\t<\/div>\n\t\t\t\t\t<\/div>\n\t\t<\/div>\n\t\t\t\t<div class=\"elementor-column elementor-col-50 elementor-top-column elementor-element elementor-element-4dbb636b\" data-id=\"4dbb636b\" data-element_type=\"column\" data-e-type=\"column\">\n\t\t\t<div class=\"elementor-widget-wrap elementor-element-populated\">\n\t\t\t\t\t\t<div class=\"elementor-element elementor-element-5c8fdb98 elementor-view-default elementor-widget elementor-widget-icon\" data-id=\"5c8fdb98\" data-element_type=\"widget\" data-e-type=\"widget\" data-widget_type=\"icon.default\">\n\t\t\t\t<div class=\"elementor-widget-container\">\n\t\t\t\t\t\t\t<div class=\"elementor-icon-wrapper\">\n\t\t\t<div class=\"elementor-icon\">\n\t\t\t\t\t\t\t<i class=\"fa fa-quote-left\" aria-hidden=\"true\"><\/i>\n\t\t\t\t\t\t<\/div>\n\t\t<\/div>\n\t\t\t\t\t\t<\/div>\n\t\t\t\t<\/div>\n\t\t\t\t<div class=\"elementor-element elementor-element-53beef1 elementor-widget elementor-widget-text-editor\" data-id=\"53beef1\" data-element_type=\"widget\" data-e-type=\"widget\" data-widget_type=\"text-editor.default\">\n\t\t\t\t<div class=\"elementor-widget-container\">\n\t\t\t\t\t\t\t\t\t<p>23yrs of business owner experience, this includes the past 16yrs in the technology sector. Kelly has worked all of his business career in the m\u0101ori sector supporting wh\u0101nau, marae, hap\u016b and Iwi to achieve their goals and aspirations.<\/p>\t\t\t\t\t\t\t\t<\/div>\n\t\t\t\t<\/div>\n\t\t\t\t<div class=\"elementor-element elementor-element-34199705 elementor-widget elementor-widget-heading\" data-id=\"34199705\" data-element_type=\"widget\" data-e-type=\"widget\" data-widget_type=\"heading.default\">\n\t\t\t\t<div class=\"elementor-widget-container\">\n\t\t\t\t\t<h2 class=\"elementor-heading-title elementor-size-default\">Kelly Solomon<\/h2>\t\t\t\t<\/div>\n\t\t\t\t<\/div>\n\t\t\t\t<div class=\"elementor-element elementor-element-2e13bcde elementor-widget elementor-widget-heading\" data-id=\"2e13bcde\" data-element_type=\"widget\" data-e-type=\"widget\" data-widget_type=\"heading.default\">\n\t\t\t\t<div class=\"elementor-widget-container\">\n\t\t\t\t\t<h2 class=\"elementor-heading-title elementor-size-default\">TRUSTEE - CHAIR<br><br>NG\u0101TI HUIA, NGAITERANGI, TE RARAWA<br>NGAI TAHU, TE ARAWA<\/h2>\t\t\t\t<\/div>\n\t\t\t\t<\/div>\n\t\t\t\t\t<\/div>\n\t\t<\/div>\n\t\t\t\t\t<\/div>\n\t\t<\/section>\n\t\t\t\t<section class=\"elementor-section elementor-top-section elementor-element elementor-element-a1ed93b elementor-section-boxed elementor-section-height-default elementor-section-height-default\" data-id=\"a1ed93b\" data-element_type=\"section\" data-e-type=\"section\">\n\t\t\t\t\t\t<div class=\"elementor-container elementor-column-gap-default\">\n\t\t\t\t\t<div class=\"elementor-column elementor-col-100 elementor-top-column elementor-element elementor-element-33cc7517\" data-id=\"33cc7517\" data-element_type=\"column\" data-e-type=\"column\">\n\t\t\t<div class=\"elementor-widget-wrap elementor-element-populated\">\n\t\t\t\t\t\t<div class=\"elementor-element elementor-element-1591a3c8 elementor-widget elementor-widget-spacer\" data-id=\"1591a3c8\" data-element_type=\"widget\" data-e-type=\"widget\" data-widget_type=\"spacer.default\">\n\t\t\t\t<div class=\"elementor-widget-container\">\n\t\t\t\t\t\t\t<div class=\"elementor-spacer\">\n\t\t\t<div class=\"elementor-spacer-inner\"><\/div>\n\t\t<\/div>\n\t\t\t\t\t\t<\/div>\n\t\t\t\t<\/div>\n\t\t\t\t\t<\/div>\n\t\t<\/div>\n\t\t\t\t\t<\/div>\n\t\t<\/section>\n\t\t\t\t<section class=\"elementor-section elementor-top-section elementor-element elementor-element-63c4f7fb elementor-section-boxed elementor-section-height-default elementor-section-height-default\" data-id=\"63c4f7fb\" data-element_type=\"section\" data-e-type=\"section\">\n\t\t\t\t\t\t<div class=\"elementor-container elementor-column-gap-default\">\n\t\t\t\t\t<div class=\"elementor-column elementor-col-100 elementor-top-column elementor-element elementor-element-5ca14c3f\" data-id=\"5ca14c3f\" data-element_type=\"column\" data-e-type=\"column\">\n\t\t\t<div class=\"elementor-widget-wrap elementor-element-populated\">\n\t\t\t\t\t\t<div class=\"elementor-element elementor-element-ab77e5e elementor-widget elementor-widget-text-editor\" data-id=\"ab77e5e\" data-element_type=\"widget\" data-e-type=\"widget\" data-widget_type=\"text-editor.default\">\n\t\t\t\t<div class=\"elementor-widget-container\">\n\t\t\t\t\t\t\t\t\t<p>Kelly has brings 22yrs of business owner experience, this includes the past 16yrs in the technology sector. He has worked alongside\u00a0 wh\u0101nau, marae, hap\u016b and Iwi to achieve their goals and aspirations within the tech sector. He has developed and maintained many connections over the years and continues to work alongside m\u0101ori organisations providing full-stack software development services.<\/p><div>Kelly is driven to assist m\u0101ori and indigenous communities to &#8216;create and build&#8217; their own indigenous ecosystem using edge technology, blockchain protocols, open-source hardware and software backed by a decentralised distributed network infrastructure in Aotearoa. He believes that in order for m\u0101ori and indigenous peoples to achieve sovereignty over their digital lives, we must transition ourselves away from the current centralised systems.\u00a0<\/div><div>\u00a0<\/div><p>Hei Whiringa Trust Board is excited to have appointed Kelly onto the board supporting the trust&#8217;s vision and implementation strategies.<\/p>\t\t\t\t\t\t\t\t<\/div>\n\t\t\t\t<\/div>\n\t\t\t\t\t<\/div>\n\t\t<\/div>\n\t\t\t\t\t<\/div>\n\t\t<\/section>\n\t\t\t\t<section class=\"elementor-section elementor-top-section elementor-element elementor-element-1b15fa1 elementor-section-boxed elementor-section-height-default elementor-section-height-default\" data-id=\"1b15fa1\" data-element_type=\"section\" data-e-type=\"section\">\n\t\t\t\t\t\t<div class=\"elementor-container elementor-column-gap-default\">\n\t\t\t\t\t<div class=\"elementor-column elementor-col-25 elementor-top-column elementor-element elementor-element-51be6996\" data-id=\"51be6996\" data-element_type=\"column\" data-e-type=\"column\">\n\t\t\t<div class=\"elementor-widget-wrap elementor-element-populated\">\n\t\t\t\t\t\t<div class=\"elementor-element elementor-element-798d603f elementor-position-top elementor-widget elementor-widget-image-box\" data-id=\"798d603f\" data-element_type=\"widget\" data-e-type=\"widget\" data-widget_type=\"image-box.default\">\n\t\t\t\t<div class=\"elementor-widget-container\">\n\t\t\t\t\t<div class=\"elementor-image-box-wrapper\"><figure class=\"elementor-image-box-img\"><a href=\"https:\/\/whiringa.org.nz\/index.php\/hope-solomon-trustee\/\" tabindex=\"-1\"><img decoding=\"async\" width=\"267\" height=\"272\" src=\"https:\/\/whiringa.org.nz\/wp-content\/uploads\/2021\/10\/hopeS1.jpg\" class=\"attachment-full size-full wp-image-331\" alt=\"\" \/><\/a><\/figure><div class=\"elementor-image-box-content\"><h3 class=\"elementor-image-box-title\"><a href=\"https:\/\/whiringa.org.nz\/index.php\/hope-solomon-trustee\/\">Hope Solomon<\/a><\/h3><p class=\"elementor-image-box-description\">TRUSTEE<\/p><\/div><\/div>\t\t\t\t<\/div>\n\t\t\t\t<\/div>\n\t\t\t\t\t<\/div>\n\t\t<\/div>\n\t\t\t\t<div class=\"elementor-column elementor-col-25 elementor-top-column elementor-element elementor-element-60284e4a\" data-id=\"60284e4a\" data-element_type=\"column\" data-e-type=\"column\">\n\t\t\t<div class=\"elementor-widget-wrap elementor-element-populated\">\n\t\t\t\t\t\t<div class=\"elementor-element elementor-element-22ac19c9 elementor-position-top elementor-widget elementor-widget-image-box\" data-id=\"22ac19c9\" data-element_type=\"widget\" data-e-type=\"widget\" data-widget_type=\"image-box.default\">\n\t\t\t\t<div class=\"elementor-widget-container\">\n\t\t\t\t\t<div class=\"elementor-image-box-wrapper\"><figure class=\"elementor-image-box-img\"><a href=\"https:\/\/whiringa.org.nz\/index.php\/david-loper\/\" tabindex=\"-1\"><img decoding=\"async\" width=\"272\" height=\"272\" src=\"https:\/\/whiringa.org.nz\/wp-content\/uploads\/2021\/10\/DaveL.jpg\" class=\"attachment-full size-full wp-image-317\" alt=\"\" srcset=\"https:\/\/whiringa.org.nz\/wp-content\/uploads\/2021\/10\/DaveL.jpg 272w, https:\/\/whiringa.org.nz\/wp-content\/uploads\/2021\/10\/DaveL-150x150.jpg 150w\" sizes=\"(max-width: 272px) 100vw, 272px\" \/><\/a><\/figure><div class=\"elementor-image-box-content\"><h3 class=\"elementor-image-box-title\"><a href=\"https:\/\/whiringa.org.nz\/index.php\/david-loper\/\">David Loper<\/a><\/h3><p class=\"elementor-image-box-description\">TRUSTEE<\/p><\/div><\/div>\t\t\t\t<\/div>\n\t\t\t\t<\/div>\n\t\t\t\t\t<\/div>\n\t\t<\/div>\n\t\t\t\t<div class=\"elementor-column elementor-col-25 elementor-top-column elementor-element elementor-element-196d2507\" data-id=\"196d2507\" data-element_type=\"column\" data-e-type=\"column\">\n\t\t\t<div class=\"elementor-widget-wrap elementor-element-populated\">\n\t\t\t\t\t\t<div class=\"elementor-element elementor-element-482a718a elementor-position-top elementor-widget elementor-widget-image-box\" data-id=\"482a718a\" data-element_type=\"widget\" data-e-type=\"widget\" data-widget_type=\"image-box.default\">\n\t\t\t\t<div class=\"elementor-widget-container\">\n\t\t\t\t\t<div class=\"elementor-image-box-wrapper\"><figure class=\"elementor-image-box-img\"><a href=\"https:\/\/whiringa.org.nz\/index.php\/board\/\" tabindex=\"-1\"><img loading=\"lazy\" decoding=\"async\" width=\"267\" height=\"272\" src=\"https:\/\/whiringa.org.nz\/wp-content\/uploads\/2021\/10\/BrysonH1.jpg\" class=\"attachment-full size-full wp-image-332\" alt=\"\" \/><\/a><\/figure><div class=\"elementor-image-box-content\"><h3 class=\"elementor-image-box-title\"><a href=\"https:\/\/whiringa.org.nz\/index.php\/board\/\">Bryson Hill<\/a><\/h3><p class=\"elementor-image-box-description\">ADVISORY<\/p><\/div><\/div>\t\t\t\t<\/div>\n\t\t\t\t<\/div>\n\t\t\t\t\t<\/div>\n\t\t<\/div>\n\t\t\t\t<div class=\"elementor-column elementor-col-25 elementor-top-column elementor-element elementor-element-5ac0e74a\" data-id=\"5ac0e74a\" data-element_type=\"column\" data-e-type=\"column\">\n\t\t\t<div class=\"elementor-widget-wrap elementor-element-populated\">\n\t\t\t\t\t\t<div class=\"elementor-element elementor-element-469b6359 elementor-position-top elementor-widget elementor-widget-image-box\" data-id=\"469b6359\" data-element_type=\"widget\" data-e-type=\"widget\" data-widget_type=\"image-box.default\">\n\t\t\t\t<div class=\"elementor-widget-container\">\n\t\t\t\t\t<div class=\"elementor-image-box-wrapper\"><figure class=\"elementor-image-box-img\"><a href=\"https:\/\/whiringa.org.nz\/index.php\/greg-jackson-trustee\/\" tabindex=\"-1\"><img loading=\"lazy\" decoding=\"async\" width=\"267\" height=\"272\" src=\"https:\/\/whiringa.org.nz\/wp-content\/uploads\/2021\/10\/Gregj.jpg\" class=\"attachment-full size-full wp-image-318\" alt=\"\" \/><\/a><\/figure><div class=\"elementor-image-box-content\"><h3 class=\"elementor-image-box-title\"><a href=\"https:\/\/whiringa.org.nz\/index.php\/greg-jackson-trustee\/\">GREG JACKSON<\/a><\/h3><p class=\"elementor-image-box-description\">TRUSTEE<\/p><\/div><\/div>\t\t\t\t<\/div>\n\t\t\t\t<\/div>\n\t\t\t\t\t<\/div>\n\t\t<\/div>\n\t\t\t\t\t<\/div>\n\t\t<\/section>\n\t\t\t\t<\/div>\n\t\t","protected":false},"excerpt":{"rendered":"<p>23yrs of business owner experience, this includes the past 16yrs in the technology sector. Kelly has worked all of his business career in the m\u0101ori sector supporting wh\u0101nau, marae, hap\u016b and Iwi to achieve their goals and aspirations. Kelly Solomon TRUSTEE &#8211; CHAIR NG\u0101TI HUIA, NGAITERANGI, TE RARAWANGAI TAHU, TE ARAWA Kelly has brings 22yrs &hellip;<\/p>\n<p class=\"read-more\"> <a class=\"\" href=\"https:\/\/whiringa.org.nz\/index.php\/kelly-solomon\/\"> <span class=\"screen-reader-text\">Kelly Solomon<\/span> Read More &raquo;<\/a><\/p>\n","protected":false},"author":1,"featured_media":0,"parent":0,"menu_order":0,"comment_status":"closed","ping_status":"closed","template":"elementor_header_footer","meta":{"_monsterinsights_skip_tracking":false,"_monsterinsights_sitenote_active":false,"_monsterinsights_sitenote_note":"","_monsterinsights_sitenote_category":0,"footnotes":""},"class_list":["post-420","page","type-page","status-publish","hentry"],"yoast_head":"<!-- This site is optimized with the Yoast SEO plugin v27.4 - https:\/\/yoast.com\/product\/yoast-seo-wordpress\/ -->\n<title>Kelly Solomon - Hei Whiringa Charitable Trust<\/title>\n<meta name=\"robots\" content=\"index, follow, max-snippet:-1, max-image-preview:large, max-video-preview:-1\" \/>\n<link rel=\"canonical\" href=\"https:\/\/whiringa.org.nz\/index.php\/kelly-solomon\/\" \/>\n<meta property=\"og:locale\" content=\"en_US\" \/>\n<meta property=\"og:type\" content=\"article\" \/>\n<meta property=\"og:title\" content=\"Kelly Solomon - Hei Whiringa Charitable Trust\" \/>\n<meta property=\"og:description\" content=\"23yrs of business owner experience, this includes the past 16yrs in the technology sector. Kelly has worked all of his business career in the m\u0101ori sector supporting wh\u0101nau, marae, hap\u016b and Iwi to achieve their goals and aspirations. Kelly Solomon TRUSTEE &#8211; CHAIR NG\u0101TI HUIA, NGAITERANGI, TE RARAWANGAI TAHU, TE ARAWA Kelly has brings 22yrs &hellip; Kelly Solomon Read More &raquo;\" \/>\n<meta property=\"og:url\" content=\"https:\/\/whiringa.org.nz\/index.php\/kelly-solomon\/\" \/>\n<meta property=\"og:site_name\" content=\"Hei Whiringa Charitable Trust\" \/>\n<meta property=\"article:modified_time\" content=\"2024-06-10T09:19:20+00:00\" \/>\n<meta property=\"og:image\" content=\"https:\/\/whiringa.org.nz\/wp-content\/uploads\/2024\/06\/KS-264x300.png\" \/>\n<meta name=\"twitter:card\" content=\"summary_large_image\" \/>\n<meta name=\"twitter:label1\" content=\"Est. reading time\" \/>\n\t<meta name=\"twitter:data1\" content=\"2 minutes\" \/>\n<script type=\"application\/ld+json\" class=\"yoast-schema-graph\">{\"@context\":\"https:\\\/\\\/schema.org\",\"@graph\":[{\"@type\":\"WebPage\",\"@id\":\"https:\\\/\\\/whiringa.org.nz\\\/index.php\\\/kelly-solomon\\\/\",\"url\":\"https:\\\/\\\/whiringa.org.nz\\\/index.php\\\/kelly-solomon\\\/\",\"name\":\"Kelly Solomon - Hei Whiringa Charitable Trust\",\"isPartOf\":{\"@id\":\"https:\\\/\\\/whiringa.org.nz\\\/#website\"},\"primaryImageOfPage\":{\"@id\":\"https:\\\/\\\/whiringa.org.nz\\\/index.php\\\/kelly-solomon\\\/#primaryimage\"},\"image\":{\"@id\":\"https:\\\/\\\/whiringa.org.nz\\\/index.php\\\/kelly-solomon\\\/#primaryimage\"},\"thumbnailUrl\":\"https:\\\/\\\/whiringa.org.nz\\\/wp-content\\\/uploads\\\/2024\\\/06\\\/KS-264x300.png\",\"datePublished\":\"2021-10-11T01:49:53+00:00\",\"dateModified\":\"2024-06-10T09:19:20+00:00\",\"breadcrumb\":{\"@id\":\"https:\\\/\\\/whiringa.org.nz\\\/index.php\\\/kelly-solomon\\\/#breadcrumb\"},\"inLanguage\":\"en-NZ\",\"potentialAction\":[{\"@type\":\"ReadAction\",\"target\":[\"https:\\\/\\\/whiringa.org.nz\\\/index.php\\\/kelly-solomon\\\/\"]}]},{\"@type\":\"ImageObject\",\"inLanguage\":\"en-NZ\",\"@id\":\"https:\\\/\\\/whiringa.org.nz\\\/index.php\\\/kelly-solomon\\\/#primaryimage\",\"url\":\"https:\\\/\\\/whiringa.org.nz\\\/wp-content\\\/uploads\\\/2024\\\/06\\\/KS.png\",\"contentUrl\":\"https:\\\/\\\/whiringa.org.nz\\\/wp-content\\\/uploads\\\/2024\\\/06\\\/KS.png\",\"width\":887,\"height\":1008},{\"@type\":\"BreadcrumbList\",\"@id\":\"https:\\\/\\\/whiringa.org.nz\\\/index.php\\\/kelly-solomon\\\/#breadcrumb\",\"itemListElement\":[{\"@type\":\"ListItem\",\"position\":1,\"name\":\"Home\",\"item\":\"https:\\\/\\\/whiringa.org.nz\\\/\"},{\"@type\":\"ListItem\",\"position\":2,\"name\":\"Kelly Solomon\"}]},{\"@type\":\"WebSite\",\"@id\":\"https:\\\/\\\/whiringa.org.nz\\\/#website\",\"url\":\"https:\\\/\\\/whiringa.org.nz\\\/\",\"name\":\"Hei Whiringa Charitable Trust\",\"description\":\"weaving nations together\",\"publisher\":{\"@id\":\"https:\\\/\\\/whiringa.org.nz\\\/#organization\"},\"potentialAction\":[{\"@type\":\"SearchAction\",\"target\":{\"@type\":\"EntryPoint\",\"urlTemplate\":\"https:\\\/\\\/whiringa.org.nz\\\/?s={search_term_string}\"},\"query-input\":{\"@type\":\"PropertyValueSpecification\",\"valueRequired\":true,\"valueName\":\"search_term_string\"}}],\"inLanguage\":\"en-NZ\"},{\"@type\":\"Organization\",\"@id\":\"https:\\\/\\\/whiringa.org.nz\\\/#organization\",\"name\":\"Hei Whiringa Charitable Trust\",\"url\":\"https:\\\/\\\/whiringa.org.nz\\\/\",\"logo\":{\"@type\":\"ImageObject\",\"inLanguage\":\"en-NZ\",\"@id\":\"https:\\\/\\\/whiringa.org.nz\\\/#\\\/schema\\\/logo\\\/image\\\/\",\"url\":\"https:\\\/\\\/whiringa.org.nz\\\/wp-content\\\/uploads\\\/2021\\\/10\\\/Logo-300px.png\",\"contentUrl\":\"https:\\\/\\\/whiringa.org.nz\\\/wp-content\\\/uploads\\\/2021\\\/10\\\/Logo-300px.png\",\"width\":300,\"height\":290,\"caption\":\"Hei Whiringa Charitable Trust\"},\"image\":{\"@id\":\"https:\\\/\\\/whiringa.org.nz\\\/#\\\/schema\\\/logo\\\/image\\\/\"}}]}<\/script>\n<!-- \/ Yoast SEO plugin. -->","yoast_head_json":{"title":"Kelly Solomon - Hei Whiringa Charitable Trust","robots":{"index":"index","follow":"follow","max-snippet":"max-snippet:-1","max-image-preview":"max-image-preview:large","max-video-preview":"max-video-preview:-1"},"canonical":"https:\/\/whiringa.org.nz\/index.php\/kelly-solomon\/","og_locale":"en_US","og_type":"article","og_title":"Kelly Solomon - Hei Whiringa Charitable Trust","og_description":"23yrs of business owner experience, this includes the past 16yrs in the technology sector. Kelly has worked all of his business career in the m\u0101ori sector supporting wh\u0101nau, marae, hap\u016b and Iwi to achieve their goals and aspirations. Kelly Solomon TRUSTEE &#8211; CHAIR NG\u0101TI HUIA, NGAITERANGI, TE RARAWANGAI TAHU, TE ARAWA Kelly has brings 22yrs &hellip; Kelly Solomon Read More &raquo;","og_url":"https:\/\/whiringa.org.nz\/index.php\/kelly-solomon\/","og_site_name":"Hei Whiringa Charitable Trust","article_modified_time":"2024-06-10T09:19:20+00:00","og_image":[{"url":"https:\/\/whiringa.org.nz\/wp-content\/uploads\/2024\/06\/KS-264x300.png","type":"","width":"","height":""}],"twitter_card":"summary_large_image","twitter_misc":{"Est. reading time":"2 minutes"},"schema":{"@context":"https:\/\/schema.org","@graph":[{"@type":"WebPage","@id":"https:\/\/whiringa.org.nz\/index.php\/kelly-solomon\/","url":"https:\/\/whiringa.org.nz\/index.php\/kelly-solomon\/","name":"Kelly Solomon - Hei Whiringa Charitable Trust","isPartOf":{"@id":"https:\/\/whiringa.org.nz\/#website"},"primaryImageOfPage":{"@id":"https:\/\/whiringa.org.nz\/index.php\/kelly-solomon\/#primaryimage"},"image":{"@id":"https:\/\/whiringa.org.nz\/index.php\/kelly-solomon\/#primaryimage"},"thumbnailUrl":"https:\/\/whiringa.org.nz\/wp-content\/uploads\/2024\/06\/KS-264x300.png","datePublished":"2021-10-11T01:49:53+00:00","dateModified":"2024-06-10T09:19:20+00:00","breadcrumb":{"@id":"https:\/\/whiringa.org.nz\/index.php\/kelly-solomon\/#breadcrumb"},"inLanguage":"en-NZ","potentialAction":[{"@type":"ReadAction","target":["https:\/\/whiringa.org.nz\/index.php\/kelly-solomon\/"]}]},{"@type":"ImageObject","inLanguage":"en-NZ","@id":"https:\/\/whiringa.org.nz\/index.php\/kelly-solomon\/#primaryimage","url":"https:\/\/whiringa.org.nz\/wp-content\/uploads\/2024\/06\/KS.png","contentUrl":"https:\/\/whiringa.org.nz\/wp-content\/uploads\/2024\/06\/KS.png","width":887,"height":1008},{"@type":"BreadcrumbList","@id":"https:\/\/whiringa.org.nz\/index.php\/kelly-solomon\/#breadcrumb","itemListElement":[{"@type":"ListItem","position":1,"name":"Home","item":"https:\/\/whiringa.org.nz\/"},{"@type":"ListItem","position":2,"name":"Kelly Solomon"}]},{"@type":"WebSite","@id":"https:\/\/whiringa.org.nz\/#website","url":"https:\/\/whiringa.org.nz\/","name":"Hei Whiringa Charitable Trust","description":"weaving nations together","publisher":{"@id":"https:\/\/whiringa.org.nz\/#organization"},"potentialAction":[{"@type":"SearchAction","target":{"@type":"EntryPoint","urlTemplate":"https:\/\/whiringa.org.nz\/?s={search_term_string}"},"query-input":{"@type":"PropertyValueSpecification","valueRequired":true,"valueName":"search_term_string"}}],"inLanguage":"en-NZ"},{"@type":"Organization","@id":"https:\/\/whiringa.org.nz\/#organization","name":"Hei Whiringa Charitable Trust","url":"https:\/\/whiringa.org.nz\/","logo":{"@type":"ImageObject","inLanguage":"en-NZ","@id":"https:\/\/whiringa.org.nz\/#\/schema\/logo\/image\/","url":"https:\/\/whiringa.org.nz\/wp-content\/uploads\/2021\/10\/Logo-300px.png","contentUrl":"https:\/\/whiringa.org.nz\/wp-content\/uploads\/2021\/10\/Logo-300px.png","width":300,"height":290,"caption":"Hei Whiringa Charitable Trust"},"image":{"@id":"https:\/\/whiringa.org.nz\/#\/schema\/logo\/image\/"}}]}},"_links":{"self":[{"href":"https:\/\/whiringa.org.nz\/index.php\/wp-json\/wp\/v2\/pages\/420","targetHints":{"allow":["GET"]}}],"collection":[{"href":"https:\/\/whiringa.org.nz\/index.php\/wp-json\/wp\/v2\/pages"}],"about":[{"href":"https:\/\/whiringa.org.nz\/index.php\/wp-json\/wp\/v2\/types\/page"}],"author":[{"embeddable":true,"href":"https:\/\/whiringa.org.nz\/index.php\/wp-json\/wp\/v2\/users\/1"}],"replies":[{"embeddable":true,"href":"https:\/\/whiringa.org.nz\/index.php\/wp-json\/wp\/v2\/comments?post=420"}],"version-history":[{"count":85,"href":"https:\/\/whiringa.org.nz\/index.php\/wp-json\/wp\/v2\/pages\/420\/revisions"}],"predecessor-version":[{"id":1963,"href":"https:\/\/whiringa.org.nz\/index.php\/wp-json\/wp\/v2\/pages\/420\/revisions\/1963"}],"wp:attachment":[{"href":"https:\/\/whiringa.org.nz\/index.php\/wp-json\/wp\/v2\/media?parent=420"}],"curies":[{"name":"wp","href":"https:\/\/api.w.org\/{rel}","templated":true}]}}