{"id":432,"date":"2021-10-11T15:48:18","date_gmt":"2021-10-11T02:48:18","guid":{"rendered":"https:\/\/whiringa.org.nz\/?page_id=432"},"modified":"2021-10-25T17:04:15","modified_gmt":"2021-10-25T04:04:15","slug":"raymond-mihaere","status":"publish","type":"page","link":"https:\/\/whiringa.org.nz\/index.php\/raymond-mihaere\/","title":{"rendered":"Raymond Mihaere"},"content":{"rendered":"\t\t<div data-elementor-type=\"wp-page\" data-elementor-id=\"432\" class=\"elementor elementor-432\" data-elementor-post-type=\"page\">\n\t\t\t\t\t\t<section class=\"elementor-section elementor-top-section elementor-element elementor-element-887972e elementor-section-boxed elementor-section-height-default elementor-section-height-default\" data-id=\"887972e\" data-element_type=\"section\" data-e-type=\"section\">\n\t\t\t\t\t\t<div class=\"elementor-container elementor-column-gap-default\">\n\t\t\t\t\t<div class=\"elementor-column elementor-col-100 elementor-top-column elementor-element elementor-element-c246714\" data-id=\"c246714\" data-element_type=\"column\" data-e-type=\"column\">\n\t\t\t<div class=\"elementor-widget-wrap\">\n\t\t\t\t\t\t\t<\/div>\n\t\t<\/div>\n\t\t\t\t\t<\/div>\n\t\t<\/section>\n\t\t\t\t<section class=\"elementor-section elementor-top-section elementor-element elementor-element-384e9666 elementor-section-content-middle elementor-section-boxed elementor-section-height-default elementor-section-height-default\" data-id=\"384e9666\" data-element_type=\"section\" data-e-type=\"section\" data-settings=\"{&quot;background_background&quot;:&quot;classic&quot;}\">\n\t\t\t\t\t\t<div class=\"elementor-container elementor-column-gap-no\">\n\t\t\t\t\t<div class=\"elementor-column elementor-col-50 elementor-top-column elementor-element elementor-element-9760858\" data-id=\"9760858\" data-element_type=\"column\" data-e-type=\"column\">\n\t\t\t<div class=\"elementor-widget-wrap elementor-element-populated\">\n\t\t\t\t\t\t<div class=\"elementor-element elementor-element-738a8071 elementor-widget elementor-widget-image\" data-id=\"738a8071\" data-element_type=\"widget\" data-e-type=\"widget\" data-widget_type=\"image.default\">\n\t\t\t\t<div class=\"elementor-widget-container\">\n\t\t\t\t\t\t\t\t\t\t\t\t\t\t\t<img fetchpriority=\"high\" decoding=\"async\" width=\"267\" height=\"272\" src=\"https:\/\/whiringa.org.nz\/wp-content\/uploads\/2021\/10\/RayM1.jpg\" class=\"attachment-full size-full wp-image-446\" alt=\"\" \/>\t\t\t\t\t\t\t\t\t\t\t\t\t\t\t<\/div>\n\t\t\t\t<\/div>\n\t\t\t\t\t<\/div>\n\t\t<\/div>\n\t\t\t\t<div class=\"elementor-column elementor-col-50 elementor-top-column elementor-element elementor-element-4fccbe6c\" data-id=\"4fccbe6c\" data-element_type=\"column\" data-e-type=\"column\">\n\t\t\t<div class=\"elementor-widget-wrap elementor-element-populated\">\n\t\t\t\t\t\t<div class=\"elementor-element elementor-element-56357fbc elementor-view-default elementor-widget elementor-widget-icon\" data-id=\"56357fbc\" data-element_type=\"widget\" data-e-type=\"widget\" data-widget_type=\"icon.default\">\n\t\t\t\t<div class=\"elementor-widget-container\">\n\t\t\t\t\t\t\t<div class=\"elementor-icon-wrapper\">\n\t\t\t<div class=\"elementor-icon\">\n\t\t\t\t\t\t\t<i class=\"fa fa-quote-left\" aria-hidden=\"true\"><\/i>\n\t\t\t\t\t\t<\/div>\n\t\t<\/div>\n\t\t\t\t\t\t<\/div>\n\t\t\t\t<\/div>\n\t\t\t\t<div class=\"elementor-element elementor-element-13c9454b elementor-widget elementor-widget-text-editor\" data-id=\"13c9454b\" data-element_type=\"widget\" data-e-type=\"widget\" data-widget_type=\"text-editor.default\">\n\t\t\t\t<div class=\"elementor-widget-container\">\n\t\t\t\t\t\t\t\t\t<p>E tangi tonu nei ki a ko\u0113 e te rangatira, e moe, e oki.<\/p><p>We are saddened with the recent passing of our dear brother, friend and colleague, Raymond Ngatoroirangi Mihaere. Ray is survived by three very bright and loving children. Ray carried them in is heart through his journey on earth and continues to do so i roto i te Ao wairua.<\/p>\t\t\t\t\t\t\t\t<\/div>\n\t\t\t\t<\/div>\n\t\t\t\t<div class=\"elementor-element elementor-element-4440afea elementor-widget elementor-widget-heading\" data-id=\"4440afea\" data-element_type=\"widget\" data-e-type=\"widget\" data-widget_type=\"heading.default\">\n\t\t\t\t<div class=\"elementor-widget-container\">\n\t\t\t\t\t<h2 class=\"elementor-heading-title elementor-size-default\">RAYMOND MIHAERE<\/h2>\t\t\t\t<\/div>\n\t\t\t\t<\/div>\n\t\t\t\t<div class=\"elementor-element elementor-element-1557b059 elementor-widget elementor-widget-heading\" data-id=\"1557b059\" data-element_type=\"widget\" data-e-type=\"widget\" data-widget_type=\"heading.default\">\n\t\t\t\t<div class=\"elementor-widget-container\">\n\t\t\t\t\t<h2 class=\"elementor-heading-title elementor-size-default\">honorary member<br>NG\u0101TI KAHUNGUNU ki wairoa<br>rangit\u0101ne, ng\u0101ti maniapoto<br><br><br><\/h2>\t\t\t\t<\/div>\n\t\t\t\t<\/div>\n\t\t\t\t\t<\/div>\n\t\t<\/div>\n\t\t\t\t\t<\/div>\n\t\t<\/section>\n\t\t\t\t<section class=\"elementor-section elementor-top-section elementor-element elementor-element-80413c2 elementor-section-boxed elementor-section-height-default elementor-section-height-default\" data-id=\"80413c2\" data-element_type=\"section\" data-e-type=\"section\">\n\t\t\t\t\t\t<div class=\"elementor-container elementor-column-gap-default\">\n\t\t\t\t\t<div class=\"elementor-column elementor-col-100 elementor-top-column elementor-element elementor-element-3aa5798a\" data-id=\"3aa5798a\" data-element_type=\"column\" data-e-type=\"column\">\n\t\t\t<div class=\"elementor-widget-wrap elementor-element-populated\">\n\t\t\t\t\t\t<div class=\"elementor-element elementor-element-60b9d8d2 elementor-widget elementor-widget-spacer\" data-id=\"60b9d8d2\" data-element_type=\"widget\" data-e-type=\"widget\" data-widget_type=\"spacer.default\">\n\t\t\t\t<div class=\"elementor-widget-container\">\n\t\t\t\t\t\t\t<div class=\"elementor-spacer\">\n\t\t\t<div class=\"elementor-spacer-inner\"><\/div>\n\t\t<\/div>\n\t\t\t\t\t\t<\/div>\n\t\t\t\t<\/div>\n\t\t\t\t\t<\/div>\n\t\t<\/div>\n\t\t\t\t\t<\/div>\n\t\t<\/section>\n\t\t\t\t<section class=\"elementor-section elementor-top-section elementor-element elementor-element-7ff186e8 elementor-section-boxed elementor-section-height-default elementor-section-height-default\" data-id=\"7ff186e8\" data-element_type=\"section\" data-e-type=\"section\">\n\t\t\t\t\t\t<div class=\"elementor-container elementor-column-gap-default\">\n\t\t\t\t\t<div class=\"elementor-column elementor-col-100 elementor-top-column elementor-element elementor-element-5e70b732\" data-id=\"5e70b732\" data-element_type=\"column\" data-e-type=\"column\">\n\t\t\t<div class=\"elementor-widget-wrap elementor-element-populated\">\n\t\t\t\t\t\t<div class=\"elementor-element elementor-element-1bed1ab0 elementor-widget elementor-widget-text-editor\" data-id=\"1bed1ab0\" data-element_type=\"widget\" data-e-type=\"widget\" data-widget_type=\"text-editor.default\">\n\t\t\t\t<div class=\"elementor-widget-container\">\n\t\t\t\t\t\t\t\t\t<p>Raymond was elected to the board in May of 2021 and brought with him, his passion to find the best opportunities for m\u0101ori across Aotearoa.<\/p><p>Raymond was a visionary for M\u0101ori technology and sciences. He was also a humanitarian and a man of God. He wanted the best for our M\u0101ori people and humanity. He sincerely believed that education through our sciences could bring people closer together. He promoted disruption in technology and advocated for the highest levels of excellence. This is well recognised with efforts in his most recent involvement with Hei Whiringa Charitable Trust, an international technology enterprise that is working to promote a decentralised platform for indigenous and impoverished communities worldwide.<\/p><p>An ex-military officer in the NZ Army for over 20 years, Ray was able to understand and articulate and solve even the most complex of challenges.<\/p><p>Rays love for his children, family and friends was constant and unwavering.\u00a0 Ray shared with and taught the many who were privileged to be in his presence. We are on the journey to honor his memory as a trust and wh\u0101nau.<\/p><p>Ka nui te mihi aroha ki a ko\u0113 e te rangatira, moe mai ra, haere atu ra.<\/p>\t\t\t\t\t\t\t\t<\/div>\n\t\t\t\t<\/div>\n\t\t\t\t\t<\/div>\n\t\t<\/div>\n\t\t\t\t\t<\/div>\n\t\t<\/section>\n\t\t\t\t<section class=\"elementor-section elementor-top-section elementor-element elementor-element-64f043b3 elementor-section-boxed elementor-section-height-default elementor-section-height-default\" data-id=\"64f043b3\" data-element_type=\"section\" data-e-type=\"section\">\n\t\t\t\t\t\t<div class=\"elementor-container elementor-column-gap-default\">\n\t\t\t\t\t<div class=\"elementor-column elementor-col-20 elementor-top-column elementor-element elementor-element-6f574bd\" data-id=\"6f574bd\" data-element_type=\"column\" data-e-type=\"column\">\n\t\t\t<div class=\"elementor-widget-wrap elementor-element-populated\">\n\t\t\t\t\t\t<div class=\"elementor-element elementor-element-6d600000 elementor-position-top elementor-widget elementor-widget-image-box\" data-id=\"6d600000\" data-element_type=\"widget\" data-e-type=\"widget\" data-widget_type=\"image-box.default\">\n\t\t\t\t<div class=\"elementor-widget-container\">\n\t\t\t\t\t<div class=\"elementor-image-box-wrapper\"><figure class=\"elementor-image-box-img\"><a href=\"https:\/\/whiringa.org.nz\/index.php\/hope-solomon-trustee\/\" tabindex=\"-1\"><img decoding=\"async\" width=\"267\" height=\"272\" src=\"https:\/\/whiringa.org.nz\/wp-content\/uploads\/2021\/10\/hopeS1.jpg\" class=\"attachment-full size-full wp-image-331\" alt=\"\" \/><\/a><\/figure><div class=\"elementor-image-box-content\"><h3 class=\"elementor-image-box-title\"><a href=\"https:\/\/whiringa.org.nz\/index.php\/hope-solomon-trustee\/\">Hope Solomon<\/a><\/h3><p class=\"elementor-image-box-description\">TRUSTEE<\/p><\/div><\/div>\t\t\t\t<\/div>\n\t\t\t\t<\/div>\n\t\t\t\t\t<\/div>\n\t\t<\/div>\n\t\t\t\t<div class=\"elementor-column elementor-col-20 elementor-top-column elementor-element elementor-element-1a30dd6c\" data-id=\"1a30dd6c\" data-element_type=\"column\" data-e-type=\"column\">\n\t\t\t<div class=\"elementor-widget-wrap elementor-element-populated\">\n\t\t\t\t\t\t<div class=\"elementor-element elementor-element-3b8affff elementor-position-top elementor-widget elementor-widget-image-box\" data-id=\"3b8affff\" data-element_type=\"widget\" data-e-type=\"widget\" data-widget_type=\"image-box.default\">\n\t\t\t\t<div class=\"elementor-widget-container\">\n\t\t\t\t\t<div class=\"elementor-image-box-wrapper\"><figure class=\"elementor-image-box-img\"><a href=\"https:\/\/whiringa.org.nz\/index.php\/greg-jackson-trustee\/\" tabindex=\"-1\"><img decoding=\"async\" width=\"267\" height=\"272\" src=\"https:\/\/whiringa.org.nz\/wp-content\/uploads\/2021\/10\/Gregj.jpg\" class=\"attachment-full size-full wp-image-318\" alt=\"\" \/><\/a><\/figure><div class=\"elementor-image-box-content\"><h3 class=\"elementor-image-box-title\"><a href=\"https:\/\/whiringa.org.nz\/index.php\/greg-jackson-trustee\/\">GREG JACSKON<\/a><\/h3><p class=\"elementor-image-box-description\">TRUSTEE<\/p><\/div><\/div>\t\t\t\t<\/div>\n\t\t\t\t<\/div>\n\t\t\t\t\t<\/div>\n\t\t<\/div>\n\t\t\t\t<div class=\"elementor-column elementor-col-20 elementor-top-column elementor-element elementor-element-8ce10f6\" data-id=\"8ce10f6\" data-element_type=\"column\" data-e-type=\"column\">\n\t\t\t<div class=\"elementor-widget-wrap elementor-element-populated\">\n\t\t\t\t\t\t<div class=\"elementor-element elementor-element-1eb6dad0 elementor-position-top elementor-widget elementor-widget-image-box\" data-id=\"1eb6dad0\" data-element_type=\"widget\" data-e-type=\"widget\" data-widget_type=\"image-box.default\">\n\t\t\t\t<div class=\"elementor-widget-container\">\n\t\t\t\t\t<div class=\"elementor-image-box-wrapper\"><figure class=\"elementor-image-box-img\"><a href=\"https:\/\/whiringa.org.nz\/index.php\/david-loper\/\" tabindex=\"-1\"><img loading=\"lazy\" decoding=\"async\" width=\"272\" height=\"272\" src=\"https:\/\/whiringa.org.nz\/wp-content\/uploads\/2021\/10\/DaveL.jpg\" class=\"attachment-full size-full wp-image-317\" alt=\"\" srcset=\"https:\/\/whiringa.org.nz\/wp-content\/uploads\/2021\/10\/DaveL.jpg 272w, https:\/\/whiringa.org.nz\/wp-content\/uploads\/2021\/10\/DaveL-150x150.jpg 150w\" sizes=\"(max-width: 272px) 100vw, 272px\" \/><\/a><\/figure><div class=\"elementor-image-box-content\"><h3 class=\"elementor-image-box-title\"><a href=\"https:\/\/whiringa.org.nz\/index.php\/david-loper\/\">David Loper<\/a><\/h3><p class=\"elementor-image-box-description\">TRUSTEE<\/p><\/div><\/div>\t\t\t\t<\/div>\n\t\t\t\t<\/div>\n\t\t\t\t\t<\/div>\n\t\t<\/div>\n\t\t\t\t<div class=\"elementor-column elementor-col-20 elementor-top-column elementor-element elementor-element-4380ded\" data-id=\"4380ded\" data-element_type=\"column\" data-e-type=\"column\">\n\t\t\t<div class=\"elementor-widget-wrap elementor-element-populated\">\n\t\t\t\t\t\t<div class=\"elementor-element elementor-element-3b493ec1 elementor-position-top elementor-widget elementor-widget-image-box\" data-id=\"3b493ec1\" data-element_type=\"widget\" data-e-type=\"widget\" data-widget_type=\"image-box.default\">\n\t\t\t\t<div class=\"elementor-widget-container\">\n\t\t\t\t\t<div class=\"elementor-image-box-wrapper\"><figure class=\"elementor-image-box-img\"><a href=\"https:\/\/whiringa.org.nz\/index.php\/board\/\" tabindex=\"-1\"><img loading=\"lazy\" decoding=\"async\" width=\"267\" height=\"272\" src=\"https:\/\/whiringa.org.nz\/wp-content\/uploads\/2021\/10\/BrysonH1.jpg\" class=\"attachment-full size-full wp-image-332\" alt=\"\" \/><\/a><\/figure><div class=\"elementor-image-box-content\"><h3 class=\"elementor-image-box-title\"><a href=\"https:\/\/whiringa.org.nz\/index.php\/board\/\">Bryson Hill<\/a><\/h3><p class=\"elementor-image-box-description\">ADVISORY<\/p><\/div><\/div>\t\t\t\t<\/div>\n\t\t\t\t<\/div>\n\t\t\t\t\t<\/div>\n\t\t<\/div>\n\t\t\t\t<div class=\"elementor-column elementor-col-20 elementor-top-column elementor-element elementor-element-4e842e5a\" data-id=\"4e842e5a\" data-element_type=\"column\" data-e-type=\"column\">\n\t\t\t<div class=\"elementor-widget-wrap elementor-element-populated\">\n\t\t\t\t\t\t<div class=\"elementor-element elementor-element-3827f879 elementor-position-top elementor-widget elementor-widget-image-box\" data-id=\"3827f879\" data-element_type=\"widget\" data-e-type=\"widget\" data-widget_type=\"image-box.default\">\n\t\t\t\t<div class=\"elementor-widget-container\">\n\t\t\t\t\t<div class=\"elementor-image-box-wrapper\"><figure class=\"elementor-image-box-img\"><a href=\"https:\/\/whiringa.org.nz\/index.php\/kelly-solomon\/\" tabindex=\"-1\"><img loading=\"lazy\" decoding=\"async\" width=\"267\" height=\"272\" src=\"https:\/\/whiringa.org.nz\/wp-content\/uploads\/2021\/10\/KelS1.jpg\" class=\"attachment-full size-full wp-image-338\" alt=\"\" \/><\/a><\/figure><div class=\"elementor-image-box-content\"><h3 class=\"elementor-image-box-title\"><a href=\"https:\/\/whiringa.org.nz\/index.php\/kelly-solomon\/\">Kelly Solomon<\/a><\/h3><p class=\"elementor-image-box-description\">ADVISORY<\/p><\/div><\/div>\t\t\t\t<\/div>\n\t\t\t\t<\/div>\n\t\t\t\t\t<\/div>\n\t\t<\/div>\n\t\t\t\t\t<\/div>\n\t\t<\/section>\n\t\t\t\t<\/div>\n\t\t","protected":false},"excerpt":{"rendered":"<p>E tangi tonu nei ki a ko\u0113 e te rangatira, e moe, e oki. We are saddened with the recent passing of our dear brother, friend and colleague, Raymond Ngatoroirangi Mihaere. Ray is survived by three very bright and loving children. Ray carried them in is heart through his journey on earth and continues to &hellip;<\/p>\n<p class=\"read-more\"> <a class=\"\" href=\"https:\/\/whiringa.org.nz\/index.php\/raymond-mihaere\/\"> <span class=\"screen-reader-text\">Raymond Mihaere<\/span> Read More &raquo;<\/a><\/p>\n","protected":false},"author":1,"featured_media":0,"parent":0,"menu_order":0,"comment_status":"closed","ping_status":"closed","template":"elementor_header_footer","meta":{"_monsterinsights_skip_tracking":false,"_monsterinsights_sitenote_active":false,"_monsterinsights_sitenote_note":"","_monsterinsights_sitenote_category":0,"footnotes":""},"class_list":["post-432","page","type-page","status-publish","hentry"],"yoast_head":"<!-- This site is optimized with the Yoast SEO plugin v27.4 - https:\/\/yoast.com\/product\/yoast-seo-wordpress\/ -->\n<title>Raymond Mihaere - Hei Whiringa Charitable Trust<\/title>\n<meta name=\"robots\" content=\"index, follow, max-snippet:-1, max-image-preview:large, max-video-preview:-1\" \/>\n<link rel=\"canonical\" href=\"https:\/\/whiringa.org.nz\/index.php\/raymond-mihaere\/\" \/>\n<meta property=\"og:locale\" content=\"en_US\" \/>\n<meta property=\"og:type\" content=\"article\" \/>\n<meta property=\"og:title\" content=\"Raymond Mihaere - Hei Whiringa Charitable Trust\" \/>\n<meta property=\"og:description\" content=\"E tangi tonu nei ki a ko\u0113 e te rangatira, e moe, e oki. We are saddened with the recent passing of our dear brother, friend and colleague, Raymond Ngatoroirangi Mihaere. Ray is survived by three very bright and loving children. Ray carried them in is heart through his journey on earth and continues to &hellip; Raymond Mihaere Read More &raquo;\" \/>\n<meta property=\"og:url\" content=\"https:\/\/whiringa.org.nz\/index.php\/raymond-mihaere\/\" \/>\n<meta property=\"og:site_name\" content=\"Hei Whiringa Charitable Trust\" \/>\n<meta property=\"article:modified_time\" content=\"2021-10-25T04:04:15+00:00\" \/>\n<meta property=\"og:image\" content=\"https:\/\/whiringa.org.nz\/wp-content\/uploads\/2021\/10\/RayM1.jpg\" \/>\n<meta name=\"twitter:card\" content=\"summary_large_image\" \/>\n<meta name=\"twitter:label1\" content=\"Est. reading time\" \/>\n\t<meta name=\"twitter:data1\" content=\"3 minutes\" \/>\n<script type=\"application\/ld+json\" class=\"yoast-schema-graph\">{\"@context\":\"https:\\\/\\\/schema.org\",\"@graph\":[{\"@type\":\"WebPage\",\"@id\":\"https:\\\/\\\/whiringa.org.nz\\\/index.php\\\/raymond-mihaere\\\/\",\"url\":\"https:\\\/\\\/whiringa.org.nz\\\/index.php\\\/raymond-mihaere\\\/\",\"name\":\"Raymond Mihaere - Hei Whiringa Charitable Trust\",\"isPartOf\":{\"@id\":\"https:\\\/\\\/whiringa.org.nz\\\/#website\"},\"primaryImageOfPage\":{\"@id\":\"https:\\\/\\\/whiringa.org.nz\\\/index.php\\\/raymond-mihaere\\\/#primaryimage\"},\"image\":{\"@id\":\"https:\\\/\\\/whiringa.org.nz\\\/index.php\\\/raymond-mihaere\\\/#primaryimage\"},\"thumbnailUrl\":\"https:\\\/\\\/whiringa.org.nz\\\/wp-content\\\/uploads\\\/2021\\\/10\\\/RayM1.jpg\",\"datePublished\":\"2021-10-11T02:48:18+00:00\",\"dateModified\":\"2021-10-25T04:04:15+00:00\",\"breadcrumb\":{\"@id\":\"https:\\\/\\\/whiringa.org.nz\\\/index.php\\\/raymond-mihaere\\\/#breadcrumb\"},\"inLanguage\":\"en-NZ\",\"potentialAction\":[{\"@type\":\"ReadAction\",\"target\":[\"https:\\\/\\\/whiringa.org.nz\\\/index.php\\\/raymond-mihaere\\\/\"]}]},{\"@type\":\"ImageObject\",\"inLanguage\":\"en-NZ\",\"@id\":\"https:\\\/\\\/whiringa.org.nz\\\/index.php\\\/raymond-mihaere\\\/#primaryimage\",\"url\":\"https:\\\/\\\/whiringa.org.nz\\\/wp-content\\\/uploads\\\/2021\\\/10\\\/RayM1.jpg\",\"contentUrl\":\"https:\\\/\\\/whiringa.org.nz\\\/wp-content\\\/uploads\\\/2021\\\/10\\\/RayM1.jpg\",\"width\":267,\"height\":272},{\"@type\":\"BreadcrumbList\",\"@id\":\"https:\\\/\\\/whiringa.org.nz\\\/index.php\\\/raymond-mihaere\\\/#breadcrumb\",\"itemListElement\":[{\"@type\":\"ListItem\",\"position\":1,\"name\":\"Home\",\"item\":\"https:\\\/\\\/whiringa.org.nz\\\/\"},{\"@type\":\"ListItem\",\"position\":2,\"name\":\"Raymond Mihaere\"}]},{\"@type\":\"WebSite\",\"@id\":\"https:\\\/\\\/whiringa.org.nz\\\/#website\",\"url\":\"https:\\\/\\\/whiringa.org.nz\\\/\",\"name\":\"Hei Whiringa Charitable Trust\",\"description\":\"weaving nations together\",\"publisher\":{\"@id\":\"https:\\\/\\\/whiringa.org.nz\\\/#organization\"},\"potentialAction\":[{\"@type\":\"SearchAction\",\"target\":{\"@type\":\"EntryPoint\",\"urlTemplate\":\"https:\\\/\\\/whiringa.org.nz\\\/?s={search_term_string}\"},\"query-input\":{\"@type\":\"PropertyValueSpecification\",\"valueRequired\":true,\"valueName\":\"search_term_string\"}}],\"inLanguage\":\"en-NZ\"},{\"@type\":\"Organization\",\"@id\":\"https:\\\/\\\/whiringa.org.nz\\\/#organization\",\"name\":\"Hei Whiringa Charitable Trust\",\"url\":\"https:\\\/\\\/whiringa.org.nz\\\/\",\"logo\":{\"@type\":\"ImageObject\",\"inLanguage\":\"en-NZ\",\"@id\":\"https:\\\/\\\/whiringa.org.nz\\\/#\\\/schema\\\/logo\\\/image\\\/\",\"url\":\"https:\\\/\\\/whiringa.org.nz\\\/wp-content\\\/uploads\\\/2021\\\/10\\\/Logo-300px.png\",\"contentUrl\":\"https:\\\/\\\/whiringa.org.nz\\\/wp-content\\\/uploads\\\/2021\\\/10\\\/Logo-300px.png\",\"width\":300,\"height\":290,\"caption\":\"Hei Whiringa Charitable Trust\"},\"image\":{\"@id\":\"https:\\\/\\\/whiringa.org.nz\\\/#\\\/schema\\\/logo\\\/image\\\/\"}}]}<\/script>\n<!-- \/ Yoast SEO plugin. -->","yoast_head_json":{"title":"Raymond Mihaere - Hei Whiringa Charitable Trust","robots":{"index":"index","follow":"follow","max-snippet":"max-snippet:-1","max-image-preview":"max-image-preview:large","max-video-preview":"max-video-preview:-1"},"canonical":"https:\/\/whiringa.org.nz\/index.php\/raymond-mihaere\/","og_locale":"en_US","og_type":"article","og_title":"Raymond Mihaere - Hei Whiringa Charitable Trust","og_description":"E tangi tonu nei ki a ko\u0113 e te rangatira, e moe, e oki. We are saddened with the recent passing of our dear brother, friend and colleague, Raymond Ngatoroirangi Mihaere. Ray is survived by three very bright and loving children. Ray carried them in is heart through his journey on earth and continues to &hellip; Raymond Mihaere Read More &raquo;","og_url":"https:\/\/whiringa.org.nz\/index.php\/raymond-mihaere\/","og_site_name":"Hei Whiringa Charitable Trust","article_modified_time":"2021-10-25T04:04:15+00:00","og_image":[{"url":"https:\/\/whiringa.org.nz\/wp-content\/uploads\/2021\/10\/RayM1.jpg","type":"","width":"","height":""}],"twitter_card":"summary_large_image","twitter_misc":{"Est. reading time":"3 minutes"},"schema":{"@context":"https:\/\/schema.org","@graph":[{"@type":"WebPage","@id":"https:\/\/whiringa.org.nz\/index.php\/raymond-mihaere\/","url":"https:\/\/whiringa.org.nz\/index.php\/raymond-mihaere\/","name":"Raymond Mihaere - Hei Whiringa Charitable Trust","isPartOf":{"@id":"https:\/\/whiringa.org.nz\/#website"},"primaryImageOfPage":{"@id":"https:\/\/whiringa.org.nz\/index.php\/raymond-mihaere\/#primaryimage"},"image":{"@id":"https:\/\/whiringa.org.nz\/index.php\/raymond-mihaere\/#primaryimage"},"thumbnailUrl":"https:\/\/whiringa.org.nz\/wp-content\/uploads\/2021\/10\/RayM1.jpg","datePublished":"2021-10-11T02:48:18+00:00","dateModified":"2021-10-25T04:04:15+00:00","breadcrumb":{"@id":"https:\/\/whiringa.org.nz\/index.php\/raymond-mihaere\/#breadcrumb"},"inLanguage":"en-NZ","potentialAction":[{"@type":"ReadAction","target":["https:\/\/whiringa.org.nz\/index.php\/raymond-mihaere\/"]}]},{"@type":"ImageObject","inLanguage":"en-NZ","@id":"https:\/\/whiringa.org.nz\/index.php\/raymond-mihaere\/#primaryimage","url":"https:\/\/whiringa.org.nz\/wp-content\/uploads\/2021\/10\/RayM1.jpg","contentUrl":"https:\/\/whiringa.org.nz\/wp-content\/uploads\/2021\/10\/RayM1.jpg","width":267,"height":272},{"@type":"BreadcrumbList","@id":"https:\/\/whiringa.org.nz\/index.php\/raymond-mihaere\/#breadcrumb","itemListElement":[{"@type":"ListItem","position":1,"name":"Home","item":"https:\/\/whiringa.org.nz\/"},{"@type":"ListItem","position":2,"name":"Raymond Mihaere"}]},{"@type":"WebSite","@id":"https:\/\/whiringa.org.nz\/#website","url":"https:\/\/whiringa.org.nz\/","name":"Hei Whiringa Charitable Trust","description":"weaving nations together","publisher":{"@id":"https:\/\/whiringa.org.nz\/#organization"},"potentialAction":[{"@type":"SearchAction","target":{"@type":"EntryPoint","urlTemplate":"https:\/\/whiringa.org.nz\/?s={search_term_string}"},"query-input":{"@type":"PropertyValueSpecification","valueRequired":true,"valueName":"search_term_string"}}],"inLanguage":"en-NZ"},{"@type":"Organization","@id":"https:\/\/whiringa.org.nz\/#organization","name":"Hei Whiringa Charitable Trust","url":"https:\/\/whiringa.org.nz\/","logo":{"@type":"ImageObject","inLanguage":"en-NZ","@id":"https:\/\/whiringa.org.nz\/#\/schema\/logo\/image\/","url":"https:\/\/whiringa.org.nz\/wp-content\/uploads\/2021\/10\/Logo-300px.png","contentUrl":"https:\/\/whiringa.org.nz\/wp-content\/uploads\/2021\/10\/Logo-300px.png","width":300,"height":290,"caption":"Hei Whiringa Charitable Trust"},"image":{"@id":"https:\/\/whiringa.org.nz\/#\/schema\/logo\/image\/"}}]}},"_links":{"self":[{"href":"https:\/\/whiringa.org.nz\/index.php\/wp-json\/wp\/v2\/pages\/432","targetHints":{"allow":["GET"]}}],"collection":[{"href":"https:\/\/whiringa.org.nz\/index.php\/wp-json\/wp\/v2\/pages"}],"about":[{"href":"https:\/\/whiringa.org.nz\/index.php\/wp-json\/wp\/v2\/types\/page"}],"author":[{"embeddable":true,"href":"https:\/\/whiringa.org.nz\/index.php\/wp-json\/wp\/v2\/users\/1"}],"replies":[{"embeddable":true,"href":"https:\/\/whiringa.org.nz\/index.php\/wp-json\/wp\/v2\/comments?post=432"}],"version-history":[{"count":76,"href":"https:\/\/whiringa.org.nz\/index.php\/wp-json\/wp\/v2\/pages\/432\/revisions"}],"predecessor-version":[{"id":1740,"href":"https:\/\/whiringa.org.nz\/index.php\/wp-json\/wp\/v2\/pages\/432\/revisions\/1740"}],"wp:attachment":[{"href":"https:\/\/whiringa.org.nz\/index.php\/wp-json\/wp\/v2\/media?parent=432"}],"curies":[{"name":"wp","href":"https:\/\/api.w.org\/{rel}","templated":true}]}}