{"id":791,"date":"2021-10-13T09:35:53","date_gmt":"2021-10-12T20:35:53","guid":{"rendered":"https:\/\/whiringa.org.nz\/?page_id=791"},"modified":"2021-12-01T13:13:19","modified_gmt":"2021-12-01T00:13:19","slug":"programs","status":"publish","type":"page","link":"https:\/\/whiringa.org.nz\/index.php\/programs\/","title":{"rendered":"Programs"},"content":{"rendered":"\t\t<div data-elementor-type=\"wp-page\" data-elementor-id=\"791\" class=\"elementor elementor-791\" data-elementor-post-type=\"page\">\n\t\t\t\t\t\t<section class=\"elementor-section elementor-top-section elementor-element elementor-element-e5da73e elementor-section-height-min-height elementor-section-content-middle elementor-section-boxed elementor-section-height-default elementor-section-items-middle\" data-id=\"e5da73e\" data-element_type=\"section\" data-e-type=\"section\" data-settings=\"{&quot;background_background&quot;:&quot;classic&quot;}\">\n\t\t\t\t\t\t\t<div class=\"elementor-background-overlay\"><\/div>\n\t\t\t\t\t\t\t<div class=\"elementor-container elementor-column-gap-no\">\n\t\t\t\t\t<div class=\"elementor-column elementor-col-100 elementor-top-column elementor-element elementor-element-6e20e4e\" data-id=\"6e20e4e\" data-element_type=\"column\" data-e-type=\"column\">\n\t\t\t<div class=\"elementor-widget-wrap elementor-element-populated\">\n\t\t\t\t\t\t<div class=\"elementor-element elementor-element-28f0d54 elementor-headline--style-rotate elementor-widget elementor-widget-animated-headline\" data-id=\"28f0d54\" data-element_type=\"widget\" data-e-type=\"widget\" data-settings=\"{&quot;headline_style&quot;:&quot;rotate&quot;,&quot;animation_type&quot;:&quot;blinds&quot;,&quot;rotating_text&quot;:&quot;Services\\nMo M\\u0101tou  \\nR\\u0101tonga\\n&quot;,&quot;loop&quot;:&quot;yes&quot;,&quot;rotate_iteration_delay&quot;:2500}\" data-widget_type=\"animated-headline.default\">\n\t\t\t\t<div class=\"elementor-widget-container\">\n\t\t\t\t\t\t\t<h2 class=\"elementor-headline elementor-headline-animation-type-blinds elementor-headline-letters\">\n\t\t\t\t<span class=\"elementor-headline-dynamic-wrapper elementor-headline-text-wrapper\">\n\t\t\t\t\t<span class=\"elementor-headline-dynamic-text elementor-headline-text-active\">\n\t\t\t\tServices\t\t\t<\/span>\n\t\t\t\t\t<span class=\"elementor-headline-dynamic-text\">\n\t\t\t\tMo&nbsp;M\u0101tou&nbsp;&nbsp;\t\t\t<\/span>\n\t\t\t\t\t<span class=\"elementor-headline-dynamic-text\">\n\t\t\t\tR\u0101tonga\t\t\t<\/span>\n\t\t\t\t\t<span class=\"elementor-headline-dynamic-text\">\n\t\t\t\t\t\t\t<\/span>\n\t\t\t\t\t\t<\/span>\n\t\t\t\t<\/h2>\n\t\t\t\t\t\t<\/div>\n\t\t\t\t<\/div>\n\t\t\t\t<div class=\"elementor-element elementor-element-4e36261 elementor-widget elementor-widget-text-editor\" data-id=\"4e36261\" data-element_type=\"widget\" data-e-type=\"widget\" data-widget_type=\"text-editor.default\">\n\t\t\t\t<div class=\"elementor-widget-container\">\n\t\t\t\t\t\t\t\t\t<p>The primary objectives of the \u00a0Hei Whiringa Charitable Trust are to\u00a0 concentrate our services for the promotion of educational advancement, health, livelihood, and welfare of\u00a0 M\u0101ori and assist our people to become more independent and self-sustaining.<\/p>\t\t\t\t\t\t\t\t<\/div>\n\t\t\t\t<\/div>\n\t\t\t\t\t<\/div>\n\t\t<\/div>\n\t\t\t\t\t<\/div>\n\t\t<\/section>\n\t\t\t\t<section class=\"elementor-section elementor-top-section elementor-element elementor-element-83c19df elementor-section-boxed elementor-section-height-default elementor-section-height-default\" data-id=\"83c19df\" data-element_type=\"section\" data-e-type=\"section\">\n\t\t\t\t\t\t<div class=\"elementor-container elementor-column-gap-default\">\n\t\t\t\t\t<div class=\"elementor-column elementor-col-100 elementor-top-column elementor-element elementor-element-a787881\" data-id=\"a787881\" data-element_type=\"column\" data-e-type=\"column\">\n\t\t\t<div class=\"elementor-widget-wrap elementor-element-populated\">\n\t\t\t\t\t\t<div class=\"elementor-element elementor-element-cdff719 elementor-widget elementor-widget-heading\" data-id=\"cdff719\" data-element_type=\"widget\" data-e-type=\"widget\" data-widget_type=\"heading.default\">\n\t\t\t\t<div class=\"elementor-widget-container\">\n\t\t\t\t\t<h2 class=\"elementor-heading-title elementor-size-default\">Our main focus will be on individuals, wh\u0101nau, hap\u016b, marae and iwi having the greatest social and economic need.<\/h2>\t\t\t\t<\/div>\n\t\t\t\t<\/div>\n\t\t\t\t<div class=\"elementor-element elementor-element-ff50cf0 elementor-widget elementor-widget-text-editor\" data-id=\"ff50cf0\" data-element_type=\"widget\" data-e-type=\"widget\" data-widget_type=\"text-editor.default\">\n\t\t\t\t<div class=\"elementor-widget-container\">\n\t\t\t\t\t\t\t\t\t<p>It is important to indicate that we believe that we have already entered a new era of rapid change, termed the \u201cFourth Industrial Revolution,\u201d where new emerging technologies (e.g., Artificial Intelligence, Virtual Reality, distributed ledger technology and edge computing) will have a dramatic influence on ways in which the world works, communicates and creates value together via digital networks and team building. It will be an era where the velocity of change may leave many behind\u2014where everything will become distributed and integrated ecosystems will become the new norm. In this context or environment, we strongly believe that innovative, integrated solutions for decentralised distribution and use of these technologies is a mandatory strategic priority.<\/p><ul>\n<\/ul>\t\t\t\t\t\t\t\t<\/div>\n\t\t\t\t<\/div>\n\t\t\t\t<div class=\"elementor-element elementor-element-f28f1a7 elementor-widget elementor-widget-heading\" data-id=\"f28f1a7\" data-element_type=\"widget\" data-e-type=\"widget\" data-widget_type=\"heading.default\">\n\t\t\t\t<div class=\"elementor-widget-container\">\n\t\t\t\t\t<h3 class=\"elementor-heading-title elementor-size-default\">The Trust founders desire that M\u0101ori communities and \u00a0enterprise prepare to take their appropriate and rightful role during this era of change.<\/h3>\t\t\t\t<\/div>\n\t\t\t\t<\/div>\n\t\t\t\t<div class=\"elementor-element elementor-element-02d9fa3 elementor-widget-divider--view-line elementor-widget elementor-widget-divider\" data-id=\"02d9fa3\" data-element_type=\"widget\" data-e-type=\"widget\" data-widget_type=\"divider.default\">\n\t\t\t\t<div class=\"elementor-widget-container\">\n\t\t\t\t\t\t\t<div class=\"elementor-divider\">\n\t\t\t<span class=\"elementor-divider-separator\">\n\t\t\t\t\t\t<\/span>\n\t\t<\/div>\n\t\t\t\t\t\t<\/div>\n\t\t\t\t<\/div>\n\t\t\t\t<div class=\"elementor-element elementor-element-459ea89 elementor-widget elementor-widget-heading\" data-id=\"459ea89\" data-element_type=\"widget\" data-e-type=\"widget\" data-widget_type=\"heading.default\">\n\t\t\t\t<div class=\"elementor-widget-container\">\n\t\t\t\t\t<h3 class=\"elementor-heading-title elementor-size-default\">To do so, HWCT will assist m\u0101ori to obtain education, training and new skills development in these emerging technologies and systems. As a direct result, we intend to concentrate our charitable services in the following areas:<\/h3>\t\t\t\t<\/div>\n\t\t\t\t<\/div>\n\t\t\t\t<div class=\"elementor-element elementor-element-6c1b520 elementor-widget elementor-widget-text-editor\" data-id=\"6c1b520\" data-element_type=\"widget\" data-e-type=\"widget\" data-widget_type=\"text-editor.default\">\n\t\t\t\t<div class=\"elementor-widget-container\">\n\t\t\t\t\t\t\t\t\t\n<ul>\n \t<li>The creation of new, scalable sovereign, decentralised, technology-based platforms and ecosystems in cooperation with both HWCT\u2019s well-established m\u0101ori and global alliances with Indigenous community leaders in tandem with networking, open-source technology experts operating throughout the Pacific Rim.<\/li>\n<\/ul>\n<ul>\n \t<li>Low cost online programs to advance the public\u2019s general knowledge, training and digital skills development in emerging technologies (e.g. AI, digital ecosystems, distributed ledger technology, edge-computing and open-source software and micro-services development).<\/li>\n<\/ul>\n<ul>\n \t<li>A mentorship program available to m\u0101ori individuals, enterprises and communities on how to create customised, local community sustainable development utilising these new technologies. These programs will fundamentally be delivered through workshops and seminars taught by industry experts and volunteers.<\/li>\n<\/ul>\n<ul>\n \t<li>Leadership training and online workshops for rangatahi (youth) in such things as economics, entrepreneurship and financial management.<\/li>\n<\/ul>\n<ul>\n \t<li>HWCT also intends to act as a repository for the Intellectual Property co-created because of its Aotearoa and foreign-based technology partnerships. This service will be customised on a case-by-case basis and under joint agreements while also considering the advantages of New Zealand\u2019s copyright and patent protection laws.<\/li>\n<\/ul>\t\t\t\t\t\t\t\t<\/div>\n\t\t\t\t<\/div>\n\t\t\t\t\t<\/div>\n\t\t<\/div>\n\t\t\t\t\t<\/div>\n\t\t<\/section>\n\t\t\t\t<\/div>\n\t\t","protected":false},"excerpt":{"rendered":"<p>Services Mo&nbsp;M\u0101tou&nbsp;&nbsp; R\u0101tonga The primary objectives of the \u00a0Hei Whiringa Charitable Trust are to\u00a0 concentrate our services for the promotion of educational advancement, health, livelihood, and welfare of\u00a0 M\u0101ori and assist our people to become more independent and self-sustaining. Our main focus will be on individuals, wh\u0101nau, hap\u016b, marae and iwi having the greatest social &hellip;<\/p>\n<p class=\"read-more\"> <a class=\"\" href=\"https:\/\/whiringa.org.nz\/index.php\/programs\/\"> <span class=\"screen-reader-text\">Programs<\/span> Read More &raquo;<\/a><\/p>\n","protected":false},"author":1,"featured_media":0,"parent":0,"menu_order":0,"comment_status":"closed","ping_status":"closed","template":"","meta":{"_monsterinsights_skip_tracking":false,"_monsterinsights_sitenote_active":false,"_monsterinsights_sitenote_note":"","_monsterinsights_sitenote_category":0,"footnotes":""},"class_list":["post-791","page","type-page","status-publish","hentry"],"yoast_head":"<!-- This site is optimized with the Yoast SEO plugin v27.4 - https:\/\/yoast.com\/product\/yoast-seo-wordpress\/ -->\n<title>Programs - Hei Whiringa Charitable Trust<\/title>\n<meta name=\"robots\" content=\"index, follow, max-snippet:-1, max-image-preview:large, max-video-preview:-1\" \/>\n<link rel=\"canonical\" href=\"https:\/\/whiringa.org.nz\/index.php\/programs\/\" \/>\n<meta property=\"og:locale\" content=\"en_US\" \/>\n<meta property=\"og:type\" content=\"article\" \/>\n<meta property=\"og:title\" content=\"Programs - Hei Whiringa Charitable Trust\" \/>\n<meta property=\"og:description\" content=\"Services Mo&nbsp;M\u0101tou&nbsp;&nbsp; R\u0101tonga The primary objectives of the \u00a0Hei Whiringa Charitable Trust are to\u00a0 concentrate our services for the promotion of educational advancement, health, livelihood, and welfare of\u00a0 M\u0101ori and assist our people to become more independent and self-sustaining. Our main focus will be on individuals, wh\u0101nau, hap\u016b, marae and iwi having the greatest social &hellip; Programs Read More &raquo;\" \/>\n<meta property=\"og:url\" content=\"https:\/\/whiringa.org.nz\/index.php\/programs\/\" \/>\n<meta property=\"og:site_name\" content=\"Hei Whiringa Charitable Trust\" \/>\n<meta property=\"article:modified_time\" content=\"2021-12-01T00:13:19+00:00\" \/>\n<meta name=\"twitter:card\" content=\"summary_large_image\" \/>\n<meta name=\"twitter:label1\" content=\"Est. reading time\" \/>\n\t<meta name=\"twitter:data1\" content=\"2 minutes\" \/>\n<script type=\"application\/ld+json\" class=\"yoast-schema-graph\">{\"@context\":\"https:\\\/\\\/schema.org\",\"@graph\":[{\"@type\":\"WebPage\",\"@id\":\"https:\\\/\\\/whiringa.org.nz\\\/index.php\\\/programs\\\/\",\"url\":\"https:\\\/\\\/whiringa.org.nz\\\/index.php\\\/programs\\\/\",\"name\":\"Programs - Hei Whiringa Charitable Trust\",\"isPartOf\":{\"@id\":\"https:\\\/\\\/whiringa.org.nz\\\/#website\"},\"datePublished\":\"2021-10-12T20:35:53+00:00\",\"dateModified\":\"2021-12-01T00:13:19+00:00\",\"breadcrumb\":{\"@id\":\"https:\\\/\\\/whiringa.org.nz\\\/index.php\\\/programs\\\/#breadcrumb\"},\"inLanguage\":\"en-NZ\",\"potentialAction\":[{\"@type\":\"ReadAction\",\"target\":[\"https:\\\/\\\/whiringa.org.nz\\\/index.php\\\/programs\\\/\"]}]},{\"@type\":\"BreadcrumbList\",\"@id\":\"https:\\\/\\\/whiringa.org.nz\\\/index.php\\\/programs\\\/#breadcrumb\",\"itemListElement\":[{\"@type\":\"ListItem\",\"position\":1,\"name\":\"Home\",\"item\":\"https:\\\/\\\/whiringa.org.nz\\\/\"},{\"@type\":\"ListItem\",\"position\":2,\"name\":\"Programs\"}]},{\"@type\":\"WebSite\",\"@id\":\"https:\\\/\\\/whiringa.org.nz\\\/#website\",\"url\":\"https:\\\/\\\/whiringa.org.nz\\\/\",\"name\":\"Hei Whiringa Charitable Trust\",\"description\":\"weaving nations together\",\"publisher\":{\"@id\":\"https:\\\/\\\/whiringa.org.nz\\\/#organization\"},\"potentialAction\":[{\"@type\":\"SearchAction\",\"target\":{\"@type\":\"EntryPoint\",\"urlTemplate\":\"https:\\\/\\\/whiringa.org.nz\\\/?s={search_term_string}\"},\"query-input\":{\"@type\":\"PropertyValueSpecification\",\"valueRequired\":true,\"valueName\":\"search_term_string\"}}],\"inLanguage\":\"en-NZ\"},{\"@type\":\"Organization\",\"@id\":\"https:\\\/\\\/whiringa.org.nz\\\/#organization\",\"name\":\"Hei Whiringa Charitable Trust\",\"url\":\"https:\\\/\\\/whiringa.org.nz\\\/\",\"logo\":{\"@type\":\"ImageObject\",\"inLanguage\":\"en-NZ\",\"@id\":\"https:\\\/\\\/whiringa.org.nz\\\/#\\\/schema\\\/logo\\\/image\\\/\",\"url\":\"https:\\\/\\\/whiringa.org.nz\\\/wp-content\\\/uploads\\\/2021\\\/10\\\/Logo-300px.png\",\"contentUrl\":\"https:\\\/\\\/whiringa.org.nz\\\/wp-content\\\/uploads\\\/2021\\\/10\\\/Logo-300px.png\",\"width\":300,\"height\":290,\"caption\":\"Hei Whiringa Charitable Trust\"},\"image\":{\"@id\":\"https:\\\/\\\/whiringa.org.nz\\\/#\\\/schema\\\/logo\\\/image\\\/\"}}]}<\/script>\n<!-- \/ Yoast SEO plugin. -->","yoast_head_json":{"title":"Programs - Hei Whiringa Charitable Trust","robots":{"index":"index","follow":"follow","max-snippet":"max-snippet:-1","max-image-preview":"max-image-preview:large","max-video-preview":"max-video-preview:-1"},"canonical":"https:\/\/whiringa.org.nz\/index.php\/programs\/","og_locale":"en_US","og_type":"article","og_title":"Programs - Hei Whiringa Charitable Trust","og_description":"Services Mo&nbsp;M\u0101tou&nbsp;&nbsp; R\u0101tonga The primary objectives of the \u00a0Hei Whiringa Charitable Trust are to\u00a0 concentrate our services for the promotion of educational advancement, health, livelihood, and welfare of\u00a0 M\u0101ori and assist our people to become more independent and self-sustaining. Our main focus will be on individuals, wh\u0101nau, hap\u016b, marae and iwi having the greatest social &hellip; Programs Read More &raquo;","og_url":"https:\/\/whiringa.org.nz\/index.php\/programs\/","og_site_name":"Hei Whiringa Charitable Trust","article_modified_time":"2021-12-01T00:13:19+00:00","twitter_card":"summary_large_image","twitter_misc":{"Est. reading time":"2 minutes"},"schema":{"@context":"https:\/\/schema.org","@graph":[{"@type":"WebPage","@id":"https:\/\/whiringa.org.nz\/index.php\/programs\/","url":"https:\/\/whiringa.org.nz\/index.php\/programs\/","name":"Programs - Hei Whiringa Charitable Trust","isPartOf":{"@id":"https:\/\/whiringa.org.nz\/#website"},"datePublished":"2021-10-12T20:35:53+00:00","dateModified":"2021-12-01T00:13:19+00:00","breadcrumb":{"@id":"https:\/\/whiringa.org.nz\/index.php\/programs\/#breadcrumb"},"inLanguage":"en-NZ","potentialAction":[{"@type":"ReadAction","target":["https:\/\/whiringa.org.nz\/index.php\/programs\/"]}]},{"@type":"BreadcrumbList","@id":"https:\/\/whiringa.org.nz\/index.php\/programs\/#breadcrumb","itemListElement":[{"@type":"ListItem","position":1,"name":"Home","item":"https:\/\/whiringa.org.nz\/"},{"@type":"ListItem","position":2,"name":"Programs"}]},{"@type":"WebSite","@id":"https:\/\/whiringa.org.nz\/#website","url":"https:\/\/whiringa.org.nz\/","name":"Hei Whiringa Charitable Trust","description":"weaving nations together","publisher":{"@id":"https:\/\/whiringa.org.nz\/#organization"},"potentialAction":[{"@type":"SearchAction","target":{"@type":"EntryPoint","urlTemplate":"https:\/\/whiringa.org.nz\/?s={search_term_string}"},"query-input":{"@type":"PropertyValueSpecification","valueRequired":true,"valueName":"search_term_string"}}],"inLanguage":"en-NZ"},{"@type":"Organization","@id":"https:\/\/whiringa.org.nz\/#organization","name":"Hei Whiringa Charitable Trust","url":"https:\/\/whiringa.org.nz\/","logo":{"@type":"ImageObject","inLanguage":"en-NZ","@id":"https:\/\/whiringa.org.nz\/#\/schema\/logo\/image\/","url":"https:\/\/whiringa.org.nz\/wp-content\/uploads\/2021\/10\/Logo-300px.png","contentUrl":"https:\/\/whiringa.org.nz\/wp-content\/uploads\/2021\/10\/Logo-300px.png","width":300,"height":290,"caption":"Hei Whiringa Charitable Trust"},"image":{"@id":"https:\/\/whiringa.org.nz\/#\/schema\/logo\/image\/"}}]}},"_links":{"self":[{"href":"https:\/\/whiringa.org.nz\/index.php\/wp-json\/wp\/v2\/pages\/791","targetHints":{"allow":["GET"]}}],"collection":[{"href":"https:\/\/whiringa.org.nz\/index.php\/wp-json\/wp\/v2\/pages"}],"about":[{"href":"https:\/\/whiringa.org.nz\/index.php\/wp-json\/wp\/v2\/types\/page"}],"author":[{"embeddable":true,"href":"https:\/\/whiringa.org.nz\/index.php\/wp-json\/wp\/v2\/users\/1"}],"replies":[{"embeddable":true,"href":"https:\/\/whiringa.org.nz\/index.php\/wp-json\/wp\/v2\/comments?post=791"}],"version-history":[{"count":118,"href":"https:\/\/whiringa.org.nz\/index.php\/wp-json\/wp\/v2\/pages\/791\/revisions"}],"predecessor-version":[{"id":1909,"href":"https:\/\/whiringa.org.nz\/index.php\/wp-json\/wp\/v2\/pages\/791\/revisions\/1909"}],"wp:attachment":[{"href":"https:\/\/whiringa.org.nz\/index.php\/wp-json\/wp\/v2\/media?parent=791"}],"curies":[{"name":"wp","href":"https:\/\/api.w.org\/{rel}","templated":true}]}}