{"id":793,"date":"2021-10-13T09:36:22","date_gmt":"2021-10-12T20:36:22","guid":{"rendered":"https:\/\/whiringa.org.nz\/?page_id=793"},"modified":"2021-10-26T21:25:53","modified_gmt":"2021-10-26T08:25:53","slug":"donations","status":"publish","type":"page","link":"https:\/\/whiringa.org.nz\/index.php\/donations\/","title":{"rendered":"Donations"},"content":{"rendered":"\t\t<div data-elementor-type=\"wp-page\" data-elementor-id=\"793\" class=\"elementor elementor-793\" data-elementor-post-type=\"page\">\n\t\t\t\t\t\t<section class=\"elementor-section elementor-top-section elementor-element elementor-element-44be92a elementor-section-boxed elementor-section-height-default elementor-section-height-default\" data-id=\"44be92a\" data-element_type=\"section\" data-e-type=\"section\">\n\t\t\t\t\t\t<div class=\"elementor-container elementor-column-gap-default\">\n\t\t\t\t\t<div class=\"elementor-column elementor-col-50 elementor-top-column elementor-element elementor-element-5df831a\" data-id=\"5df831a\" data-element_type=\"column\" data-e-type=\"column\">\n\t\t\t<div class=\"elementor-widget-wrap\">\n\t\t\t\t\t\t\t<\/div>\n\t\t<\/div>\n\t\t\t\t<div class=\"elementor-column elementor-col-50 elementor-top-column elementor-element elementor-element-3afd59b\" data-id=\"3afd59b\" data-element_type=\"column\" data-e-type=\"column\">\n\t\t\t<div class=\"elementor-widget-wrap\">\n\t\t\t\t\t\t\t<\/div>\n\t\t<\/div>\n\t\t\t\t\t<\/div>\n\t\t<\/section>\n\t\t\t\t<section class=\"elementor-section elementor-top-section elementor-element elementor-element-715a50c elementor-section-height-min-height elementor-section-content-middle elementor-section-boxed elementor-section-height-default elementor-section-items-middle\" data-id=\"715a50c\" data-element_type=\"section\" data-e-type=\"section\" data-settings=\"{&quot;background_background&quot;:&quot;classic&quot;}\">\n\t\t\t\t\t\t\t<div class=\"elementor-background-overlay\"><\/div>\n\t\t\t\t\t\t\t<div class=\"elementor-container elementor-column-gap-no\">\n\t\t\t\t\t<div class=\"elementor-column elementor-col-100 elementor-top-column elementor-element elementor-element-9ea3f06\" data-id=\"9ea3f06\" data-element_type=\"column\" data-e-type=\"column\">\n\t\t\t<div class=\"elementor-widget-wrap elementor-element-populated\">\n\t\t\t\t\t\t<div class=\"elementor-element elementor-element-ee68840 elementor-headline--style-rotate elementor-widget elementor-widget-animated-headline\" data-id=\"ee68840\" data-element_type=\"widget\" data-e-type=\"widget\" data-settings=\"{&quot;headline_style&quot;:&quot;rotate&quot;,&quot;animation_type&quot;:&quot;blinds&quot;,&quot;rotating_text&quot;:&quot;Donations\\nKoha&quot;,&quot;loop&quot;:&quot;yes&quot;,&quot;rotate_iteration_delay&quot;:2500}\" data-widget_type=\"animated-headline.default\">\n\t\t\t\t<div class=\"elementor-widget-container\">\n\t\t\t\t\t\t\t<h2 class=\"elementor-headline elementor-headline-animation-type-blinds elementor-headline-letters\">\n\t\t\t\t<span class=\"elementor-headline-dynamic-wrapper elementor-headline-text-wrapper\">\n\t\t\t\t\t<span class=\"elementor-headline-dynamic-text elementor-headline-text-active\">\n\t\t\t\tDonations\t\t\t<\/span>\n\t\t\t\t\t<span class=\"elementor-headline-dynamic-text\">\n\t\t\t\tKoha\t\t\t<\/span>\n\t\t\t\t\t\t<\/span>\n\t\t\t\t<\/h2>\n\t\t\t\t\t\t<\/div>\n\t\t\t\t<\/div>\n\t\t\t\t<div class=\"elementor-element elementor-element-960c97c elementor-widget elementor-widget-text-editor\" data-id=\"960c97c\" data-element_type=\"widget\" data-e-type=\"widget\" data-widget_type=\"text-editor.default\">\n\t\t\t\t<div class=\"elementor-widget-container\">\n\t\t\t\t\t\t\t\t\t<p>HWCT is committed to transferring knowledge by training,<br \/>supporting and educating m\u0101ori and indigenous communities in Aotearoa<\/p>\t\t\t\t\t\t\t\t<\/div>\n\t\t\t\t<\/div>\n\t\t\t\t\t<\/div>\n\t\t<\/div>\n\t\t\t\t\t<\/div>\n\t\t<\/section>\n\t\t\t\t<section class=\"elementor-section elementor-top-section elementor-element elementor-element-170f866f elementor-section-content-middle elementor-section-boxed elementor-section-height-default elementor-section-height-default\" data-id=\"170f866f\" data-element_type=\"section\" data-e-type=\"section\" data-settings=\"{&quot;background_background&quot;:&quot;classic&quot;}\">\n\t\t\t\t\t\t<div class=\"elementor-container elementor-column-gap-no\">\n\t\t\t\t\t<div class=\"elementor-column elementor-col-100 elementor-top-column elementor-element elementor-element-29b0fa18\" data-id=\"29b0fa18\" data-element_type=\"column\" data-e-type=\"column\">\n\t\t\t<div class=\"elementor-widget-wrap elementor-element-populated\">\n\t\t\t\t\t\t<section class=\"elementor-section elementor-inner-section elementor-element elementor-element-32776438 elementor-section-content-middle elementor-section-boxed elementor-section-height-default elementor-section-height-default\" data-id=\"32776438\" data-element_type=\"section\" data-e-type=\"section\">\n\t\t\t\t\t\t<div class=\"elementor-container elementor-column-gap-default\">\n\t\t\t\t\t<div class=\"elementor-column elementor-col-50 elementor-inner-column elementor-element elementor-element-962b0ab\" data-id=\"962b0ab\" data-element_type=\"column\" data-e-type=\"column\">\n\t\t\t<div class=\"elementor-widget-wrap elementor-element-populated\">\n\t\t\t\t\t\t<div class=\"elementor-element elementor-element-a21229e elementor-widget elementor-widget-heading\" data-id=\"a21229e\" data-element_type=\"widget\" data-e-type=\"widget\" data-widget_type=\"heading.default\">\n\t\t\t\t<div class=\"elementor-widget-container\">\n\t\t\t\t\t<h2 class=\"elementor-heading-title elementor-size-default\">We need your help!<\/h2>\t\t\t\t<\/div>\n\t\t\t\t<\/div>\n\t\t\t\t<div class=\"elementor-element elementor-element-a3c2625 elementor-widget elementor-widget-text-editor\" data-id=\"a3c2625\" data-element_type=\"widget\" data-e-type=\"widget\" data-widget_type=\"text-editor.default\">\n\t\t\t\t<div class=\"elementor-widget-container\">\n\t\t\t\t\t\t\t\t\t<div id=\"eluid98197830\" class=\"eluid98197830 col-md-5 col-sm-5 znColumnElement\"><div class=\"znColumnElement-innerWrapper-eluid98197830 znColumnElement-innerWrapper znColumnElement-innerWrapper--valign-top znColumnElement-innerWrapper--halign-left \"><div class=\"znColumnElement-innerContent\"><div class=\"kl-title-block clearfix tbk--text- tbk--left text-left tbk-symbol-- tbk-icon-pos--after-title eluid3f7d1691 \"><p>Your support is critical to our journey and success. Support can come in many forms; donations, volunteering, connecting us to your wh\u0101nau, marae, hap\u016b or Iwi so that HWCT can continue to carry out its important efforts to support M\u0101ori and Indigenous communities.<\/p><p>Financial donations to\u00a0 <em>Hei Whiringa Charitable Trust<\/em> are fully tax-deductible.<\/p><p>Complete the form below to let us know how you would like to support us, we will contact you to discuss further details. <\/p><p>Ka nui te mihi ki a ko\u0113 &#8211; HWCT<\/p><\/div><\/div><\/div><\/div>\t\t\t\t\t\t\t\t<\/div>\n\t\t\t\t<\/div>\n\t\t\t\t\t<\/div>\n\t\t<\/div>\n\t\t\t\t<div class=\"elementor-column elementor-col-50 elementor-inner-column elementor-element elementor-element-23f630bd\" data-id=\"23f630bd\" data-element_type=\"column\" data-e-type=\"column\">\n\t\t\t<div class=\"elementor-widget-wrap elementor-element-populated\">\n\t\t\t\t\t\t<div class=\"elementor-element elementor-element-777cd90 elementor-widget elementor-widget-image\" data-id=\"777cd90\" data-element_type=\"widget\" data-e-type=\"widget\" data-widget_type=\"image.default\">\n\t\t\t\t<div class=\"elementor-widget-container\">\n\t\t\t\t\t\t\t\t\t\t\t\t\t\t\t<img fetchpriority=\"high\" decoding=\"async\" width=\"1024\" height=\"582\" src=\"https:\/\/whiringa.org.nz\/wp-content\/uploads\/2021\/10\/Logo-001-1024x582.png\" class=\"attachment-large size-large wp-image-673\" alt=\"\" srcset=\"https:\/\/whiringa.org.nz\/wp-content\/uploads\/2021\/10\/Logo-001-1024x582.png 1024w, https:\/\/whiringa.org.nz\/wp-content\/uploads\/2021\/10\/Logo-001-300x170.png 300w, https:\/\/whiringa.org.nz\/wp-content\/uploads\/2021\/10\/Logo-001-768x436.png 768w, https:\/\/whiringa.org.nz\/wp-content\/uploads\/2021\/10\/Logo-001-1536x872.png 1536w, https:\/\/whiringa.org.nz\/wp-content\/uploads\/2021\/10\/Logo-001.png 1620w\" sizes=\"(max-width: 1024px) 100vw, 1024px\" \/>\t\t\t\t\t\t\t\t\t\t\t\t\t\t\t<\/div>\n\t\t\t\t<\/div>\n\t\t\t\t\t<\/div>\n\t\t<\/div>\n\t\t\t\t\t<\/div>\n\t\t<\/section>\n\t\t\t\t\t<\/div>\n\t\t<\/div>\n\t\t\t\t\t<\/div>\n\t\t<\/section>\n\t\t\t\t<section class=\"elementor-section elementor-top-section elementor-element elementor-element-bb758f5 elementor-section-boxed elementor-section-height-default elementor-section-height-default\" data-id=\"bb758f5\" data-element_type=\"section\" data-e-type=\"section\">\n\t\t\t\t\t\t<div class=\"elementor-container elementor-column-gap-default\">\n\t\t\t\t\t<div class=\"elementor-column elementor-col-100 elementor-top-column elementor-element elementor-element-0b7cf41\" data-id=\"0b7cf41\" data-element_type=\"column\" data-e-type=\"column\">\n\t\t\t<div class=\"elementor-widget-wrap elementor-element-populated\">\n\t\t\t\t\t\t<div class=\"elementor-element elementor-element-b90ee36 elementor-widget elementor-widget-heading\" data-id=\"b90ee36\" data-element_type=\"widget\" data-e-type=\"widget\" data-widget_type=\"heading.default\">\n\t\t\t\t<div class=\"elementor-widget-container\">\n\t\t\t\t\t<h2 class=\"elementor-heading-title elementor-size-default\">I would like to support HWCT<\/h2>\t\t\t\t<\/div>\n\t\t\t\t<\/div>\n\t\t\t\t<div class=\"elementor-element elementor-element-699c6bb elementor-button-align-start elementor-widget elementor-widget-form\" data-id=\"699c6bb\" data-element_type=\"widget\" data-e-type=\"widget\" data-settings=\"{&quot;step_next_label&quot;:&quot;Next&quot;,&quot;step_previous_label&quot;:&quot;Previous&quot;,&quot;button_width&quot;:&quot;100&quot;,&quot;step_type&quot;:&quot;number_text&quot;,&quot;step_icon_shape&quot;:&quot;circle&quot;}\" data-widget_type=\"form.default\">\n\t\t\t\t<div class=\"elementor-widget-container\">\n\t\t\t\t\t\t\t<form class=\"elementor-form\" method=\"post\" name=\"Donation Form\">\n\t\t\t<input type=\"hidden\" name=\"post_id\" value=\"793\"\/>\n\t\t\t<input type=\"hidden\" name=\"form_id\" value=\"699c6bb\"\/>\n\t\t\t<input type=\"hidden\" name=\"referer_title\" value=\"Donations - Hei Whiringa Charitable Trust\" \/>\n\n\t\t\t\t\t\t\t<input type=\"hidden\" name=\"queried_id\" value=\"793\"\/>\n\t\t\t\n\t\t\t<div class=\"elementor-form-fields-wrapper elementor-labels-above\">\n\t\t\t\t\t\t\t\t<div class=\"elementor-field-type-text elementor-field-group elementor-column elementor-field-group-name elementor-col-100\">\n\t\t\t\t\t\t\t\t\t\t\t\t<label for=\"form-field-name\" class=\"elementor-field-label\">\n\t\t\t\t\t\t\t\tName:\t\t\t\t\t\t\t<\/label>\n\t\t\t\t\t\t\t\t\t\t\t\t\t\t<input size=\"1\" type=\"text\" name=\"form_fields[name]\" id=\"form-field-name\" class=\"elementor-field elementor-size-sm  elementor-field-textual\" placeholder=\"Full name\">\n\t\t\t\t\t\t\t\t\t\t\t<\/div>\n\t\t\t\t\t\t\t\t<div class=\"elementor-field-type-text elementor-field-group elementor-column elementor-field-group-field_ca59a86 elementor-col-100\">\n\t\t\t\t\t\t\t\t\t\t\t\t<label for=\"form-field-field_ca59a86\" class=\"elementor-field-label\">\n\t\t\t\t\t\t\t\tPhone:\t\t\t\t\t\t\t<\/label>\n\t\t\t\t\t\t\t\t\t\t\t\t\t\t<input size=\"1\" type=\"text\" name=\"form_fields[field_ca59a86]\" id=\"form-field-field_ca59a86\" class=\"elementor-field elementor-size-sm  elementor-field-textual\" placeholder=\"Preferred contact phone number\">\n\t\t\t\t\t\t\t\t\t\t\t<\/div>\n\t\t\t\t\t\t\t\t<div class=\"elementor-field-type-email elementor-field-group elementor-column elementor-field-group-email elementor-col-100 elementor-field-required\">\n\t\t\t\t\t\t\t\t\t\t\t\t<label for=\"form-field-email\" class=\"elementor-field-label\">\n\t\t\t\t\t\t\t\tEmail\t\t\t\t\t\t\t<\/label>\n\t\t\t\t\t\t\t\t\t\t\t\t\t\t<input size=\"1\" type=\"email\" name=\"form_fields[email]\" id=\"form-field-email\" class=\"elementor-field elementor-size-sm  elementor-field-textual\" placeholder=\"Email address\" required=\"required\">\n\t\t\t\t\t\t\t\t\t\t\t<\/div>\n\t\t\t\t\t\t\t\t<div class=\"elementor-field-type-textarea elementor-field-group elementor-column elementor-field-group-field_f305c0b elementor-col-100\">\n\t\t\t\t\t\t\t\t\t\t\t\t<label for=\"form-field-field_f305c0b\" class=\"elementor-field-label\">\n\t\t\t\t\t\t\t\tHow would you like to support HWCT?\t\t\t\t\t\t\t<\/label>\n\t\t\t\t\t\t<textarea class=\"elementor-field-textual elementor-field  elementor-size-sm\" name=\"form_fields[field_f305c0b]\" id=\"form-field-field_f305c0b\" rows=\"4\" placeholder=\"Tell us about how you would like to support our journey\"><\/textarea>\t\t\t\t<\/div>\n\t\t\t\t\t\t\t\t<div class=\"elementor-field-group elementor-column elementor-field-type-submit elementor-col-100 e-form__buttons\">\n\t\t\t\t\t<button class=\"elementor-button elementor-size-sm elementor-animation-grow\" type=\"submit\">\n\t\t\t\t\t\t<span class=\"elementor-button-content-wrapper\">\n\t\t\t\t\t\t\t\t\t\t\t\t\t\t\t\t\t\t\t\t\t\t<span class=\"elementor-button-text\">Send<\/span>\n\t\t\t\t\t\t\t\t\t\t\t\t\t<\/span>\n\t\t\t\t\t<\/button>\n\t\t\t\t<\/div>\n\t\t\t<\/div>\n\t\t<\/form>\n\t\t\t\t\t\t<\/div>\n\t\t\t\t<\/div>\n\t\t\t\t\t<\/div>\n\t\t<\/div>\n\t\t\t\t\t<\/div>\n\t\t<\/section>\n\t\t\t\t<\/div>\n\t\t","protected":false},"excerpt":{"rendered":"<p>Donations Koha HWCT is committed to transferring knowledge by training,supporting and educating m\u0101ori and indigenous communities in Aotearoa We need your help! Your support is critical to our journey and success. Support can come in many forms; donations, volunteering, connecting us to your wh\u0101nau, marae, hap\u016b or Iwi so that HWCT can continue to carry &hellip;<\/p>\n<p class=\"read-more\"> <a class=\"\" href=\"https:\/\/whiringa.org.nz\/index.php\/donations\/\"> <span class=\"screen-reader-text\">Donations<\/span> Read More &raquo;<\/a><\/p>\n","protected":false},"author":1,"featured_media":0,"parent":0,"menu_order":0,"comment_status":"closed","ping_status":"closed","template":"","meta":{"_monsterinsights_skip_tracking":false,"_monsterinsights_sitenote_active":false,"_monsterinsights_sitenote_note":"","_monsterinsights_sitenote_category":0,"footnotes":""},"class_list":["post-793","page","type-page","status-publish","hentry"],"yoast_head":"<!-- This site is optimized with the Yoast SEO plugin v27.3 - https:\/\/yoast.com\/product\/yoast-seo-wordpress\/ -->\n<title>Donations - Hei Whiringa Charitable Trust<\/title>\n<meta name=\"robots\" content=\"index, follow, max-snippet:-1, max-image-preview:large, max-video-preview:-1\" \/>\n<link rel=\"canonical\" href=\"https:\/\/whiringa.org.nz\/index.php\/donations\/\" \/>\n<meta property=\"og:locale\" content=\"en_US\" \/>\n<meta property=\"og:type\" content=\"article\" \/>\n<meta property=\"og:title\" content=\"Donations - Hei Whiringa Charitable Trust\" \/>\n<meta property=\"og:description\" content=\"Donations Koha HWCT is committed to transferring knowledge by training,supporting and educating m\u0101ori and indigenous communities in Aotearoa We need your help! Your support is critical to our journey and success. Support can come in many forms; donations, volunteering, connecting us to your wh\u0101nau, marae, hap\u016b or Iwi so that HWCT can continue to carry &hellip; Donations Read More &raquo;\" \/>\n<meta property=\"og:url\" content=\"https:\/\/whiringa.org.nz\/index.php\/donations\/\" \/>\n<meta property=\"og:site_name\" content=\"Hei Whiringa Charitable Trust\" \/>\n<meta property=\"article:modified_time\" content=\"2021-10-26T08:25:53+00:00\" \/>\n<meta property=\"og:image\" content=\"https:\/\/whiringa.org.nz\/wp-content\/uploads\/2021\/10\/Logo-001-1024x582.png\" \/>\n<meta name=\"twitter:card\" content=\"summary_large_image\" \/>\n<meta name=\"twitter:label1\" content=\"Est. reading time\" \/>\n\t<meta name=\"twitter:data1\" content=\"1 minute\" \/>\n<script type=\"application\/ld+json\" class=\"yoast-schema-graph\">{\"@context\":\"https:\\\/\\\/schema.org\",\"@graph\":[{\"@type\":\"WebPage\",\"@id\":\"https:\\\/\\\/whiringa.org.nz\\\/index.php\\\/donations\\\/\",\"url\":\"https:\\\/\\\/whiringa.org.nz\\\/index.php\\\/donations\\\/\",\"name\":\"Donations - Hei Whiringa Charitable Trust\",\"isPartOf\":{\"@id\":\"https:\\\/\\\/whiringa.org.nz\\\/#website\"},\"primaryImageOfPage\":{\"@id\":\"https:\\\/\\\/whiringa.org.nz\\\/index.php\\\/donations\\\/#primaryimage\"},\"image\":{\"@id\":\"https:\\\/\\\/whiringa.org.nz\\\/index.php\\\/donations\\\/#primaryimage\"},\"thumbnailUrl\":\"https:\\\/\\\/whiringa.org.nz\\\/wp-content\\\/uploads\\\/2021\\\/10\\\/Logo-001-1024x582.png\",\"datePublished\":\"2021-10-12T20:36:22+00:00\",\"dateModified\":\"2021-10-26T08:25:53+00:00\",\"breadcrumb\":{\"@id\":\"https:\\\/\\\/whiringa.org.nz\\\/index.php\\\/donations\\\/#breadcrumb\"},\"inLanguage\":\"en-NZ\",\"potentialAction\":[{\"@type\":\"ReadAction\",\"target\":[\"https:\\\/\\\/whiringa.org.nz\\\/index.php\\\/donations\\\/\"]}]},{\"@type\":\"ImageObject\",\"inLanguage\":\"en-NZ\",\"@id\":\"https:\\\/\\\/whiringa.org.nz\\\/index.php\\\/donations\\\/#primaryimage\",\"url\":\"https:\\\/\\\/whiringa.org.nz\\\/wp-content\\\/uploads\\\/2021\\\/10\\\/Logo-001.png\",\"contentUrl\":\"https:\\\/\\\/whiringa.org.nz\\\/wp-content\\\/uploads\\\/2021\\\/10\\\/Logo-001.png\",\"width\":1620,\"height\":920},{\"@type\":\"BreadcrumbList\",\"@id\":\"https:\\\/\\\/whiringa.org.nz\\\/index.php\\\/donations\\\/#breadcrumb\",\"itemListElement\":[{\"@type\":\"ListItem\",\"position\":1,\"name\":\"Home\",\"item\":\"https:\\\/\\\/whiringa.org.nz\\\/\"},{\"@type\":\"ListItem\",\"position\":2,\"name\":\"Donations\"}]},{\"@type\":\"WebSite\",\"@id\":\"https:\\\/\\\/whiringa.org.nz\\\/#website\",\"url\":\"https:\\\/\\\/whiringa.org.nz\\\/\",\"name\":\"Hei Whiringa Charitable Trust\",\"description\":\"weaving nations together\",\"publisher\":{\"@id\":\"https:\\\/\\\/whiringa.org.nz\\\/#organization\"},\"potentialAction\":[{\"@type\":\"SearchAction\",\"target\":{\"@type\":\"EntryPoint\",\"urlTemplate\":\"https:\\\/\\\/whiringa.org.nz\\\/?s={search_term_string}\"},\"query-input\":{\"@type\":\"PropertyValueSpecification\",\"valueRequired\":true,\"valueName\":\"search_term_string\"}}],\"inLanguage\":\"en-NZ\"},{\"@type\":\"Organization\",\"@id\":\"https:\\\/\\\/whiringa.org.nz\\\/#organization\",\"name\":\"Hei Whiringa Charitable Trust\",\"url\":\"https:\\\/\\\/whiringa.org.nz\\\/\",\"logo\":{\"@type\":\"ImageObject\",\"inLanguage\":\"en-NZ\",\"@id\":\"https:\\\/\\\/whiringa.org.nz\\\/#\\\/schema\\\/logo\\\/image\\\/\",\"url\":\"https:\\\/\\\/whiringa.org.nz\\\/wp-content\\\/uploads\\\/2021\\\/10\\\/Logo-300px.png\",\"contentUrl\":\"https:\\\/\\\/whiringa.org.nz\\\/wp-content\\\/uploads\\\/2021\\\/10\\\/Logo-300px.png\",\"width\":300,\"height\":290,\"caption\":\"Hei Whiringa Charitable Trust\"},\"image\":{\"@id\":\"https:\\\/\\\/whiringa.org.nz\\\/#\\\/schema\\\/logo\\\/image\\\/\"}}]}<\/script>\n<!-- \/ Yoast SEO plugin. -->","yoast_head_json":{"title":"Donations - Hei Whiringa Charitable Trust","robots":{"index":"index","follow":"follow","max-snippet":"max-snippet:-1","max-image-preview":"max-image-preview:large","max-video-preview":"max-video-preview:-1"},"canonical":"https:\/\/whiringa.org.nz\/index.php\/donations\/","og_locale":"en_US","og_type":"article","og_title":"Donations - Hei Whiringa Charitable Trust","og_description":"Donations Koha HWCT is committed to transferring knowledge by training,supporting and educating m\u0101ori and indigenous communities in Aotearoa We need your help! Your support is critical to our journey and success. Support can come in many forms; donations, volunteering, connecting us to your wh\u0101nau, marae, hap\u016b or Iwi so that HWCT can continue to carry &hellip; Donations Read More &raquo;","og_url":"https:\/\/whiringa.org.nz\/index.php\/donations\/","og_site_name":"Hei Whiringa Charitable Trust","article_modified_time":"2021-10-26T08:25:53+00:00","og_image":[{"url":"https:\/\/whiringa.org.nz\/wp-content\/uploads\/2021\/10\/Logo-001-1024x582.png","type":"","width":"","height":""}],"twitter_card":"summary_large_image","twitter_misc":{"Est. reading time":"1 minute"},"schema":{"@context":"https:\/\/schema.org","@graph":[{"@type":"WebPage","@id":"https:\/\/whiringa.org.nz\/index.php\/donations\/","url":"https:\/\/whiringa.org.nz\/index.php\/donations\/","name":"Donations - Hei Whiringa Charitable Trust","isPartOf":{"@id":"https:\/\/whiringa.org.nz\/#website"},"primaryImageOfPage":{"@id":"https:\/\/whiringa.org.nz\/index.php\/donations\/#primaryimage"},"image":{"@id":"https:\/\/whiringa.org.nz\/index.php\/donations\/#primaryimage"},"thumbnailUrl":"https:\/\/whiringa.org.nz\/wp-content\/uploads\/2021\/10\/Logo-001-1024x582.png","datePublished":"2021-10-12T20:36:22+00:00","dateModified":"2021-10-26T08:25:53+00:00","breadcrumb":{"@id":"https:\/\/whiringa.org.nz\/index.php\/donations\/#breadcrumb"},"inLanguage":"en-NZ","potentialAction":[{"@type":"ReadAction","target":["https:\/\/whiringa.org.nz\/index.php\/donations\/"]}]},{"@type":"ImageObject","inLanguage":"en-NZ","@id":"https:\/\/whiringa.org.nz\/index.php\/donations\/#primaryimage","url":"https:\/\/whiringa.org.nz\/wp-content\/uploads\/2021\/10\/Logo-001.png","contentUrl":"https:\/\/whiringa.org.nz\/wp-content\/uploads\/2021\/10\/Logo-001.png","width":1620,"height":920},{"@type":"BreadcrumbList","@id":"https:\/\/whiringa.org.nz\/index.php\/donations\/#breadcrumb","itemListElement":[{"@type":"ListItem","position":1,"name":"Home","item":"https:\/\/whiringa.org.nz\/"},{"@type":"ListItem","position":2,"name":"Donations"}]},{"@type":"WebSite","@id":"https:\/\/whiringa.org.nz\/#website","url":"https:\/\/whiringa.org.nz\/","name":"Hei Whiringa Charitable Trust","description":"weaving nations together","publisher":{"@id":"https:\/\/whiringa.org.nz\/#organization"},"potentialAction":[{"@type":"SearchAction","target":{"@type":"EntryPoint","urlTemplate":"https:\/\/whiringa.org.nz\/?s={search_term_string}"},"query-input":{"@type":"PropertyValueSpecification","valueRequired":true,"valueName":"search_term_string"}}],"inLanguage":"en-NZ"},{"@type":"Organization","@id":"https:\/\/whiringa.org.nz\/#organization","name":"Hei Whiringa Charitable Trust","url":"https:\/\/whiringa.org.nz\/","logo":{"@type":"ImageObject","inLanguage":"en-NZ","@id":"https:\/\/whiringa.org.nz\/#\/schema\/logo\/image\/","url":"https:\/\/whiringa.org.nz\/wp-content\/uploads\/2021\/10\/Logo-300px.png","contentUrl":"https:\/\/whiringa.org.nz\/wp-content\/uploads\/2021\/10\/Logo-300px.png","width":300,"height":290,"caption":"Hei Whiringa Charitable Trust"},"image":{"@id":"https:\/\/whiringa.org.nz\/#\/schema\/logo\/image\/"}}]}},"_links":{"self":[{"href":"https:\/\/whiringa.org.nz\/index.php\/wp-json\/wp\/v2\/pages\/793","targetHints":{"allow":["GET"]}}],"collection":[{"href":"https:\/\/whiringa.org.nz\/index.php\/wp-json\/wp\/v2\/pages"}],"about":[{"href":"https:\/\/whiringa.org.nz\/index.php\/wp-json\/wp\/v2\/types\/page"}],"author":[{"embeddable":true,"href":"https:\/\/whiringa.org.nz\/index.php\/wp-json\/wp\/v2\/users\/1"}],"replies":[{"embeddable":true,"href":"https:\/\/whiringa.org.nz\/index.php\/wp-json\/wp\/v2\/comments?post=793"}],"version-history":[{"count":88,"href":"https:\/\/whiringa.org.nz\/index.php\/wp-json\/wp\/v2\/pages\/793\/revisions"}],"predecessor-version":[{"id":1848,"href":"https:\/\/whiringa.org.nz\/index.php\/wp-json\/wp\/v2\/pages\/793\/revisions\/1848"}],"wp:attachment":[{"href":"https:\/\/whiringa.org.nz\/index.php\/wp-json\/wp\/v2\/media?parent=793"}],"curies":[{"name":"wp","href":"https:\/\/api.w.org\/{rel}","templated":true}]}}